{"id":2630,"date":"2021-12-07T13:38:07","date_gmt":"2021-12-07T12:38:07","guid":{"rendered":"http:\/\/eurotec.cz\/cs\/?page_id=2630"},"modified":"2021-12-07T13:46:42","modified_gmt":"2021-12-07T12:46:42","slug":"bd-ceske-budejovice-ul-plzenska-600-m2-pouzity-material-iko-carrara-f8","status":"publish","type":"page","link":"http:\/\/eurotec.cz\/cs\/reference\/bd-ceske-budejovice-ul-plzenska-600-m2-pouzity-material-iko-carrara-f8\/","title":{"rendered":"BD \u010cesk\u00e9 Bud\u011bjovice, ul. Plze\u0148sk\u00e1 &#8211; 600 m2, pou\u017eit\u00fd materi\u00e1l IKO Carrara F8"},"content":{"rendered":"\t\t<div data-elementor-type=\"wp-page\" data-elementor-id=\"2630\" class=\"elementor elementor-2630\" data-elementor-settings=\"[]\">\n\t\t\t\t\t\t<div class=\"elementor-inner\">\n\t\t\t\t\t\t\t<div class=\"elementor-section-wrap\">\n\t\t\t\t\t\t\t<section class=\"elementor-section elementor-top-section elementor-element elementor-element-d6cb50d elementor-section-boxed elementor-section-height-default elementor-section-height-default\" data-id=\"d6cb50d\" data-element_type=\"section\">\n\t\t\t\t\t\t<div class=\"elementor-container elementor-column-gap-default\">\n\t\t\t\t\t\t\t<div class=\"elementor-row\">\n\t\t\t\t\t<div class=\"elementor-column elementor-col-100 elementor-top-column elementor-element elementor-element-70db4f44\" data-id=\"70db4f44\" data-element_type=\"column\">\n\t\t\t<div class=\"elementor-column-wrap elementor-element-populated\">\n\t\t\t\t\t\t\t<div class=\"elementor-widget-wrap\">\n\t\t\t\t\t\t<div class=\"elementor-element elementor-element-5de4c67e elementor-widget elementor-widget-text-editor\" data-id=\"5de4c67e\" data-element_type=\"widget\" data-widget_type=\"text-editor.default\">\n\t\t\t\t<div class=\"elementor-widget-container\">\n\t\t\t\t\t\t\t\t<div class=\"elementor-text-editor elementor-clearfix\">\n\t\t\t\t<p><\/p><div id='gallery-1' class='czr-gallery row flex-row czr-gallery-style gallery galleryid-2630 gallery-columns-2 gallery-size-full'><figure class='gallery-item col col-auto'>\r\n                        <div class='gallery-icon landscape czr-gallery-icon'>\r\n                              <a href=http:\/\/eurotec.cz\/cs\/waving-portfolio\/bd-ceske-budejovice-ul-plzenska-600m2\/1-22\/ class=\"bg-link\"><\/a><img width=\"2560\" height=\"1920\" src=\"https:\/\/eurotec.cz\/wp-content\/uploads\/2021\/12\/1-scaled.jpg\" class=\"attachment-full size-full\" alt=\"\" loading=\"lazy\" sizes=\"(min-width: 1200px) 540px, (min-width: 992px) 450px, (min-width: 768px) 330px, (min-width: 576px) 240px, calc( 50vw - 30px )\" srcset=\"https:\/\/eurotec.cz\/wp-content\/uploads\/2021\/12\/1-scaled.jpg 2560w, https:\/\/eurotec.cz\/wp-content\/uploads\/2021\/12\/1-300x225.jpg 300w, https:\/\/eurotec.cz\/wp-content\/uploads\/2021\/12\/1-1024x768.jpg 1024w, https:\/\/eurotec.cz\/wp-content\/uploads\/2021\/12\/1-768x576.jpg 768w, https:\/\/eurotec.cz\/wp-content\/uploads\/2021\/12\/1-1536x1152.jpg 1536w, https:\/\/eurotec.cz\/wp-content\/uploads\/2021\/12\/1-2048x1536.jpg 2048w, https:\/\/eurotec.cz\/wp-content\/uploads\/2021\/12\/1-570x428.jpg 570w\" \/><div class=\"post-action btn btn-skin-dark-shaded inverted\"><a href=\"https:\/\/eurotec.cz\/wp-content\/uploads\/2021\/12\/1-scaled.jpg\" class=\"icn-expand\" data-lb-type=\"grouped-gallery\"><\/a><\/div>\r\n                        <\/div><\/figure><figure class='gallery-item col col-auto'>\r\n                        <div class='gallery-icon landscape czr-gallery-icon'>\r\n                              <a href=http:\/\/eurotec.cz\/cs\/waving-portfolio\/bd-ceske-budejovice-ul-plzenska-600m2\/4-16\/ class=\"bg-link\"><\/a><img width=\"2560\" height=\"1920\" src=\"https:\/\/eurotec.cz\/wp-content\/uploads\/2021\/12\/4-scaled.jpg\" class=\"attachment-full size-full\" alt=\"\" loading=\"lazy\" sizes=\"(min-width: 1200px) 540px, (min-width: 992px) 450px, (min-width: 768px) 330px, (min-width: 576px) 240px, calc( 50vw - 30px )\" srcset=\"https:\/\/eurotec.cz\/wp-content\/uploads\/2021\/12\/4-scaled.jpg 2560w, https:\/\/eurotec.cz\/wp-content\/uploads\/2021\/12\/4-300x225.jpg 300w, https:\/\/eurotec.cz\/wp-content\/uploads\/2021\/12\/4-1024x768.jpg 1024w, https:\/\/eurotec.cz\/wp-content\/uploads\/2021\/12\/4-768x576.jpg 768w, https:\/\/eurotec.cz\/wp-content\/uploads\/2021\/12\/4-1536x1152.jpg 1536w, https:\/\/eurotec.cz\/wp-content\/uploads\/2021\/12\/4-2048x1536.jpg 2048w, https:\/\/eurotec.cz\/wp-content\/uploads\/2021\/12\/4-570x428.jpg 570w\" \/><div class=\"post-action btn btn-skin-dark-shaded inverted\"><a href=\"https:\/\/eurotec.cz\/wp-content\/uploads\/2021\/12\/4-scaled.jpg\" class=\"icn-expand\" data-lb-type=\"grouped-gallery\"><\/a><\/div>\r\n                        <\/div><\/figure><figure class='gallery-item col col-auto'>\r\n                        <div class='gallery-icon portrait czr-gallery-icon'>\r\n                              <a href=http:\/\/eurotec.cz\/cs\/waving-portfolio\/bd-ceske-budejovice-ul-plzenska-600m2\/img_20211022_144723\/ class=\"bg-link\"><\/a><img width=\"1920\" height=\"2560\" src=\"https:\/\/eurotec.cz\/wp-content\/uploads\/2021\/12\/IMG_20211022_144723-scaled.jpg\" class=\"attachment-full size-full\" alt=\"\" loading=\"lazy\" sizes=\"(min-width: 1200px) 540px, (min-width: 992px) 450px, (min-width: 768px) 330px, (min-width: 576px) 240px, calc( 50vw - 30px )\" srcset=\"https:\/\/eurotec.cz\/wp-content\/uploads\/2021\/12\/IMG_20211022_144723-scaled.jpg 1920w, https:\/\/eurotec.cz\/wp-content\/uploads\/2021\/12\/IMG_20211022_144723-225x300.jpg 225w, https:\/\/eurotec.cz\/wp-content\/uploads\/2021\/12\/IMG_20211022_144723-768x1024.jpg 768w, https:\/\/eurotec.cz\/wp-content\/uploads\/2021\/12\/IMG_20211022_144723-1152x1536.jpg 1152w, https:\/\/eurotec.cz\/wp-content\/uploads\/2021\/12\/IMG_20211022_144723-1536x2048.jpg 1536w, https:\/\/eurotec.cz\/wp-content\/uploads\/2021\/12\/IMG_20211022_144723-570x760.jpg 570w\" \/><div class=\"post-action btn btn-skin-dark-shaded inverted\"><a href=\"https:\/\/eurotec.cz\/wp-content\/uploads\/2021\/12\/IMG_20211022_144723-scaled.jpg\" class=\"icn-expand\" data-lb-type=\"grouped-gallery\"><\/a><\/div>\r\n                        <\/div><\/figure><figure class='gallery-item col col-auto'>\r\n                        <div class='gallery-icon portrait czr-gallery-icon'>\r\n                              <a href=http:\/\/eurotec.cz\/cs\/waving-portfolio\/bd-ceske-budejovice-ul-plzenska-600m2\/3-20\/ class=\"bg-link\"><\/a><img width=\"1920\" height=\"2560\" src=\"https:\/\/eurotec.cz\/wp-content\/uploads\/2021\/12\/3-scaled.jpg\" class=\"attachment-full size-full\" alt=\"\" loading=\"lazy\" sizes=\"(min-width: 1200px) 540px, (min-width: 992px) 450px, (min-width: 768px) 330px, (min-width: 576px) 240px, calc( 50vw - 30px )\" srcset=\"https:\/\/eurotec.cz\/wp-content\/uploads\/2021\/12\/3-scaled.jpg 1920w, https:\/\/eurotec.cz\/wp-content\/uploads\/2021\/12\/3-225x300.jpg 225w, https:\/\/eurotec.cz\/wp-content\/uploads\/2021\/12\/3-768x1024.jpg 768w, https:\/\/eurotec.cz\/wp-content\/uploads\/2021\/12\/3-1152x1536.jpg 1152w, https:\/\/eurotec.cz\/wp-content\/uploads\/2021\/12\/3-1536x2048.jpg 1536w, https:\/\/eurotec.cz\/wp-content\/uploads\/2021\/12\/3-570x760.jpg 570w\" \/><div class=\"post-action btn btn-skin-dark-shaded inverted\"><a href=\"https:\/\/eurotec.cz\/wp-content\/uploads\/2021\/12\/3-scaled.jpg\" class=\"icn-expand\" data-lb-type=\"grouped-gallery\"><\/a><\/div>\r\n                        <\/div><\/figure>\r\n                  <\/div>\n<p><\/p>\t\t\t\t\t<\/div>\n\t\t\t\t\t\t<\/div>\n\t\t\t\t<\/div>\n\t\t\t\t\t\t<\/div>\n\t\t\t\t\t<\/div>\n\t\t<\/div>\n\t\t\t\t\t\t\t\t<\/div>\n\t\t\t\t\t<\/div>\n\t\t<\/section>\n\t\t\t\t\t\t<\/div>\n\t\t\t\t\t\t<\/div>\n\t\t\t\t\t<\/div>\n\t\t","protected":false},"excerpt":{"rendered":"","protected":false},"author":4,"featured_media":2624,"parent":43,"menu_order":0,"comment_status":"closed","ping_status":"closed","template":"","meta":[],"_links":{"self":[{"href":"http:\/\/eurotec.cz\/cs\/wp-json\/wp\/v2\/pages\/2630"}],"collection":[{"href":"http:\/\/eurotec.cz\/cs\/wp-json\/wp\/v2\/pages"}],"about":[{"href":"http:\/\/eurotec.cz\/cs\/wp-json\/wp\/v2\/types\/page"}],"author":[{"embeddable":true,"href":"http:\/\/eurotec.cz\/cs\/wp-json\/wp\/v2\/users\/4"}],"replies":[{"embeddable":true,"href":"http:\/\/eurotec.cz\/cs\/wp-json\/wp\/v2\/comments?post=2630"}],"version-history":[{"count":4,"href":"http:\/\/eurotec.cz\/cs\/wp-json\/wp\/v2\/pages\/2630\/revisions"}],"predecessor-version":[{"id":2634,"href":"http:\/\/eurotec.cz\/cs\/wp-json\/wp\/v2\/pages\/2630\/revisions\/2634"}],"up":[{"embeddable":true,"href":"http:\/\/eurotec.cz\/cs\/wp-json\/wp\/v2\/pages\/43"}],"wp:featuredmedia":[{"embeddable":true,"href":"http:\/\/eurotec.cz\/cs\/wp-json\/wp\/v2\/media\/2624"}],"wp:attachment":[{"href":"http:\/\/eurotec.cz\/cs\/wp-json\/wp\/v2\/media?parent=2630"}],"curies":[{"name":"wp","href":"https:\/\/api.w.org\/{rel}","templated":true}]}}