{"id":457,"date":"2017-09-20T17:35:18","date_gmt":"2017-09-20T15:35:18","guid":{"rendered":"http:\/\/eurotec.czcs\/?page_id=457"},"modified":"2017-09-22T13:40:21","modified_gmt":"2017-09-22T11:40:21","slug":"kontaktni-formular","status":"publish","type":"page","link":"http:\/\/eurotec.cz\/cs\/kontakt\/kontaktni-formular\/","title":{"rendered":"KONTAKTN\u00cd FORMUL\u00c1\u0158"},"content":{"rendered":"<p>[contact-form-7 id=&#8220;456&#8243; title=&#8220;kontaktni_formular&#8220;]<\/p>","protected":false},"excerpt":{"rendered":"<p>[contact-form-7 id=&#8220;456&#8243; title=&#8220;kontaktni_formular&#8220;]<\/p>\n","protected":false},"author":1,"featured_media":0,"parent":41,"menu_order":0,"comment_status":"closed","ping_status":"closed","template":"","meta":[],"_links":{"self":[{"href":"http:\/\/eurotec.cz\/cs\/wp-json\/wp\/v2\/pages\/457"}],"collection":[{"href":"http:\/\/eurotec.cz\/cs\/wp-json\/wp\/v2\/pages"}],"about":[{"href":"http:\/\/eurotec.cz\/cs\/wp-json\/wp\/v2\/types\/page"}],"author":[{"embeddable":true,"href":"http:\/\/eurotec.cz\/cs\/wp-json\/wp\/v2\/users\/1"}],"replies":[{"embeddable":true,"href":"http:\/\/eurotec.cz\/cs\/wp-json\/wp\/v2\/comments?post=457"}],"version-history":[{"count":1,"href":"http:\/\/eurotec.cz\/cs\/wp-json\/wp\/v2\/pages\/457\/revisions"}],"predecessor-version":[{"id":458,"href":"http:\/\/eurotec.cz\/cs\/wp-json\/wp\/v2\/pages\/457\/revisions\/458"}],"up":[{"embeddable":true,"href":"http:\/\/eurotec.cz\/cs\/wp-json\/wp\/v2\/pages\/41"}],"wp:attachment":[{"href":"http:\/\/eurotec.cz\/cs\/wp-json\/wp\/v2\/media?parent=457"}],"curies":[{"name":"wp","href":"https:\/\/api.w.org\/{rel}","templated":true}]}}