{"id":132,"date":"2017-07-16T00:02:16","date_gmt":"2017-07-15T22:02:16","guid":{"rendered":"http:\/\/eurotec.cz?page_id=132"},"modified":"2021-08-18T11:23:14","modified_gmt":"2021-08-18T09:23:14","slug":"foliove-systemy","status":"publish","type":"page","link":"http:\/\/eurotec.cz\/en\/produkty\/foliove-systemy\/","title":{"rendered":"FOLIOV\u00c9 SYST\u00c9MY"},"content":{"rendered":"\t\t<div data-elementor-type=\"wp-post\" data-elementor-id=\"132\" class=\"elementor elementor-132\" data-elementor-settings=\"[]\">\n\t\t\t\t\t\t<div class=\"elementor-inner\">\n\t\t\t\t\t\t\t<div class=\"elementor-section-wrap\">\n\t\t\t\t\t\t\t<section class=\"elementor-section elementor-top-section elementor-element elementor-element-gyglhpz elementor-section-boxed elementor-section-height-default elementor-section-height-default\" data-id=\"gyglhpz\" data-element_type=\"section\">\n\t\t\t\t\t\t<div class=\"elementor-container elementor-column-gap-default\">\n\t\t\t\t\t\t\t<div class=\"elementor-row\">\n\t\t\t\t\t<div class=\"elementor-column elementor-col-100 elementor-top-column elementor-element elementor-element-eoihsrq\" data-id=\"eoihsrq\" data-element_type=\"column\">\n\t\t\t<div class=\"elementor-column-wrap elementor-element-populated\">\n\t\t\t\t\t\t\t<div class=\"elementor-widget-wrap\">\n\t\t\t\t\t\t<section class=\"elementor-section elementor-inner-section elementor-element elementor-element-15fa780 elementor-section-boxed elementor-section-height-default elementor-section-height-default\" data-id=\"15fa780\" data-element_type=\"section\">\n\t\t\t\t\t\t<div class=\"elementor-container elementor-column-gap-default\">\n\t\t\t\t\t\t\t<div class=\"elementor-row\">\n\t\t\t\t\t<div class=\"elementor-column elementor-col-50 elementor-inner-column elementor-element elementor-element-5074389\" data-id=\"5074389\" data-element_type=\"column\">\n\t\t\t<div class=\"elementor-column-wrap elementor-element-populated\">\n\t\t\t\t\t\t\t<div class=\"elementor-widget-wrap\">\n\t\t\t\t\t\t<div class=\"elementor-element elementor-element-9204f7f elementor-widget elementor-widget-image\" data-id=\"9204f7f\" data-element_type=\"widget\" data-widget_type=\"image.default\">\n\t\t\t\t<div class=\"elementor-widget-container\">\n\t\t\t\t\t\t\t\t<div class=\"elementor-image\">\n\t\t\t\t\t\t\t\t\t\t\t\t<img width=\"150\" height=\"100\" src=\"https:\/\/eurotec.cz\/wp-content\/uploads\/2017\/07\/2904-preview-fatra-2-e1511875006858.jpg\" class=\"attachment-large size-large\" alt=\"\" loading=\"lazy\" \/>\t\t\t\t\t\t\t\t\t\t\t\t\t\t<\/div>\n\t\t\t\t\t\t<\/div>\n\t\t\t\t<\/div>\n\t\t\t\t\t\t<\/div>\n\t\t\t\t\t<\/div>\n\t\t<\/div>\n\t\t\t\t<div class=\"elementor-column elementor-col-50 elementor-inner-column elementor-element elementor-element-c70c152\" data-id=\"c70c152\" data-element_type=\"column\">\n\t\t\t<div class=\"elementor-column-wrap elementor-element-populated\">\n\t\t\t\t\t\t\t<div class=\"elementor-widget-wrap\">\n\t\t\t\t\t\t<div class=\"elementor-element elementor-element-dca504d elementor-widget elementor-widget-text-editor\" data-id=\"dca504d\" data-element_type=\"widget\" data-widget_type=\"text-editor.default\">\n\t\t\t\t<div class=\"elementor-widget-container\">\n\t\t\t\t\t\t\t\t<div class=\"elementor-text-editor elementor-clearfix\">\n\t\t\t\t<p><span style=\"color: #000000; font-size: 12pt;\">F\u00f3liov\u00e9 syst\u00e9my na b\u00e1zi PVC-P, TPE a TPO jsou ur\u010deny pro hydroizolace ploch\u00fdch st\u0159ech, izolace zemn\u00edch a podzemn\u00edch staveb proti vod\u011b a radonu.<\/span><\/p>\n<p><span style=\"color: #000000; font-size: 12pt;\"><strong><u>St\u0159e\u0161n\u00ed hydroizola\u010dn\u00ed f\u00f3lie<\/u><\/strong><\/span><\/p>\n<p><span style=\"color: #000000; font-size: 12pt;\">jsou vyrobeny z kvalitn\u00edho m\u011bk\u010den\u00e9ho PVC (PVC-P) a jsou ur\u010den\u00e9 pro zhotoven\u00ed hydroizola\u010dn\u00ed vrstvy na ploch\u00fdch i \u0161ikm\u00fdch st\u0159ech\u00e1ch, a to i v po\u017e\u00e1rn\u011b nebezpe\u010dn\u00fdch prostorech (zkou\u0161ka na neho\u0159lavost &#8211; Broof(t3)). F\u00f3lie jsou podle pou\u017eit\u00ed bu\u010f vyztu\u017een\u00e9 polyesterovou m\u0159\u00ed\u017ekou, skeln\u00fdmi vl\u00e1kny, p\u0159\u00edpadn\u011b kombinovanou armaturou, ale i nevyztu\u017een\u00e9 pro st\u0159e\u0161n\u00ed detaily a prostupy. Hydroizola\u010dn\u00ed f\u00f3lie ARMOURPLAN, SPECTRAPLAN, EUROPLAN, PLASTFOIL je mo\u017en\u00e9 mechanicky kotvit k podkladu, celoplo\u0161n\u011b lepit \u010di voln\u011b kl\u00e1st u p\u0159it\u00ed\u017een\u00fdch st\u0159ech. F\u00f3lie lze zat\u00ed\u017eit zeminou, poj\u00edzdnou nebo poch\u016fznou vrstvou \u010di n\u00e1sypem obl\u00e9ho kameniva, jsou odoln\u00e9 UV z\u00e1\u0159en\u00ed a pror\u016fst\u00e1n\u00ed ko\u0159\u00ednk\u016f vegetace.<\/span><\/p>\n<p><span style=\"color: #000000; font-size: 12pt;\"><strong><u>TPO f\u00f3lie, TPE f\u00f3lie<\/u><\/strong><\/span><\/p>\n<p><span style=\"color: #000000;\"><span style=\"font-size: 16px;\">TPE folie jsou vyrobeny na b\u00e1zi termo-plastick\u00e9ho elastomeru a jsou dal\u0161\u00edm krokem ve v\u00fdvoji a rozvoji sou\u010dasn\u00e9 generace polyolefinov\u00fdch TPO foli\u00ed, jsou vyr\u00e1b\u011bn\u00e9 nejmodern\u011bj\u0161\u00ed polymer technologi\u00ed a kombinuj\u00ed v sob\u011b ty nejlep\u0161\u00ed vlastnosti ji\u017e zn\u00e1m\u00fdch a vyr\u00e1b\u011bn\u00fdch syntetick\u00fdch povlakov\u00fdch krytin \u2013 PVC a EPDM foli\u00ed. St\u0159e\u0161n\u00ed folie SPECTRAPLAN TPE nab\u00edz\u00ed \u0159e\u0161en\u00ed pro v\u0161echny jednovrstv\u00e9 st\u0159e\u0161n\u00ed syst\u00e9my mechanicky kotven\u00e9, lepen\u00e9, voln\u011b lo\u017een\u00e9 a p\u0159it\u00ed\u017een\u00e9, rovn\u011b\u017e i pro syst\u00e9my teras, balk\u00f3n\u016f, lod\u017ei\u00ed, ale i pojezdov\u00fdch parkovi\u0161\u0165, vodn\u00edch n\u00e1dr\u017e\u00ed a st\u0159e\u0161n\u00edch zahrad. Na TPE folii SPECTRAPLAN lze poskytnout i prodlou\u017eenou z\u00e1ruku a p\u0159edpokl\u00e1dan\u00e1 \u017eivotnost folie se odhaduje na 25 a v\u00edce let od aplikace.<\/span><\/span><\/p>\n<p><span style=\"color: #000000; font-size: 12pt;\"><strong><u>Zemn\u00ed hydroizola\u010dn\u00ed f\u00f3lie<\/u><\/strong><\/span><\/p>\n<p><span style=\"color: #000000; font-size: 12pt;\">jsou vyrobeny z m\u011bk\u010den\u00e9ho PVC a jsou speci\u00e1ln\u011b ur\u010den\u00e9 pro zemn\u00ed izolace. Sortiment f\u00f3li\u00ed IZOFOL nab\u00edz\u00ed materi\u00e1ly pro nejr\u016fzn\u011bj\u0161\u00ed pou\u017eit\u00ed v oblasti zemn\u00edch izolac\u00ed. Krom\u011b standardn\u00edch vod\u011b-nepropustn\u00fdch, fyzik\u00e1ln\u00edch a mechanick\u00fdch vlastnost\u00ed, zahrnuj\u00ed tak\u00e9 spolehlivou ochranu proti pronik\u00e1n\u00ed radonu.<\/span><\/p>\t\t\t\t\t<\/div>\n\t\t\t\t\t\t<\/div>\n\t\t\t\t<\/div>\n\t\t\t\t\t\t<\/div>\n\t\t\t\t\t<\/div>\n\t\t<\/div>\n\t\t\t\t\t\t\t\t<\/div>\n\t\t\t\t\t<\/div>\n\t\t<\/section>\n\t\t\t\t\t\t<\/div>\n\t\t\t\t\t<\/div>\n\t\t<\/div>\n\t\t\t\t\t\t\t\t<\/div>\n\t\t\t\t\t<\/div>\n\t\t<\/section>\n\t\t\t\t<section class=\"elementor-section elementor-top-section elementor-element elementor-element-crauem4 elementor-section-boxed elementor-section-height-default elementor-section-height-default\" data-id=\"crauem4\" data-element_type=\"section\">\n\t\t\t\t\t\t<div class=\"elementor-container elementor-column-gap-default\">\n\t\t\t\t\t\t\t<div class=\"elementor-row\">\n\t\t\t\t\t<div class=\"elementor-column elementor-col-100 elementor-top-column elementor-element elementor-element-ym5f5w6\" data-id=\"ym5f5w6\" data-element_type=\"column\">\n\t\t\t<div class=\"elementor-column-wrap elementor-element-populated\">\n\t\t\t\t\t\t\t<div class=\"elementor-widget-wrap\">\n\t\t\t\t\t\t<div class=\"elementor-element elementor-element-5zqkeb1 elementor-widget elementor-widget-accordion\" data-id=\"5zqkeb1\" data-element_type=\"widget\" data-widget_type=\"accordion.default\">\n\t\t\t\t<div class=\"elementor-widget-container\">\n\t\t\t\t\t<div class=\"elementor-accordion\" role=\"tablist\">\n\t\t\t\t\t\t\t<div class=\"elementor-accordion-item\">\n\t\t\t\t\t<div id=\"elementor-tab-title-2421\" class=\"elementor-tab-title\" data-tab=\"1\" role=\"tab\" aria-controls=\"elementor-tab-content-2421\" aria-expanded=\"false\">\n\t\t\t\t\t\t\t\t\t\t\t\t\t<span class=\"elementor-accordion-icon elementor-accordion-icon-left\" aria-hidden=\"true\">\n\t\t\t\t\t\t\t\t\t\t\t\t\t\t\t<i class=\"elementor-accordion-icon-closed fa fa-plus\"><\/i>\n\t\t\t\t\t\t\t\t<i class=\"elementor-accordion-icon-opened fa fa-minus\"><\/i>\n\t\t\t\t\t\t\t\t\t\t\t\t\t\t<\/span>\n\t\t\t\t\t\t\t\t\t\t\t\t<a class=\"elementor-accordion-title\" href=\"\">PVC folie - IKO Armourplan<\/a>\n\t\t\t\t\t<\/div>\n\t\t\t\t\t<div id=\"elementor-tab-content-2421\" class=\"elementor-tab-content elementor-clearfix\" data-tab=\"1\" role=\"tabpanel\" aria-labelledby=\"elementor-tab-title-2421\"><p><span style=\"color: #ffffff;\"><a style=\"color: #ffffff;\" href=\"http:\/\/eurotec.cz\/wp-content\/uploads\/2018\/06\/TL-CZ-APLAN-SM120SM150.pdf\" target=\"_blank\" rel=\"noopener\">IKO Armourplan SM<\/a>\u00a0&#8211; hydroizola\u010dn\u00ed pvc folie tl. 1,2mm-2,0mm, vyztu\u017een\u00e1 tkanou polyesterovou m\u0159\u00ed\u017ekou, vhodn\u00e1 pro mechanick\u00e9 kotven\u00ed<\/span><\/p><p><span style=\"color: #ffffff;\"><a style=\"color: #ffffff;\" href=\"http:\/\/eurotec.cz\/wp-content\/uploads\/2018\/10\/TL-Armourplan-SG120SG150.pdf\" target=\"_blank\" rel=\"noopener\">IKO Armouplan SG<\/a>\u00a0&#8211; hydroizola\u010dn\u00ed pvc folie tl. 1,2mm-1,5mm, vyztu\u017een\u00e1 armaturou ze skeln\u00e9 tkaniny, na spodn\u00ed stran\u011b ka\u0161\u00edrovan\u00e1 vliesem, vhodn\u00e1 pro lepen\u00ed\u00a0\u00a0<\/span><\/p><p><span style=\"color: #ffffff;\"><a style=\"color: #ffffff;\" href=\"http:\/\/eurotec.cz\/wp-content\/uploads\/2018\/10\/TL-Armourplan-Walkway.pdf\" target=\"_blank\" rel=\"noopener\">IKO Armourplan Walkway<\/a><\/span> &#8211; pochoz\u00ed pvc folie tl. 2,0mm s protiskluzovou povrchovou \u00fapravou pro dodate\u010dnou ochranu hydroizola\u010dn\u00ed membr\u00e1ny<\/p><p><span style=\"color: #ffffff;\"><a style=\"color: #ffffff;\" href=\"http:\/\/eurotec.cz\/wp-content\/uploads\/2018\/06\/TL-CZ-APLAN-D.pdf\" target=\"_blank\" rel=\"noopener\">IKO Armourplan D<\/a><\/span> &#8211; detailov\u00e1 pvc folie tl. 1,5mm, folie je bez v\u00fdztuhy a je ur\u010den\u00e1 k detailovac\u00edm prac\u00edm na st\u0159e\u0161n\u00edch syst\u00e9mech Armourplan<\/p><\/div>\n\t\t\t\t<\/div>\n\t\t\t\t\t\t\t<div class=\"elementor-accordion-item\">\n\t\t\t\t\t<div id=\"elementor-tab-title-2422\" class=\"elementor-tab-title\" data-tab=\"2\" role=\"tab\" aria-controls=\"elementor-tab-content-2422\" aria-expanded=\"false\">\n\t\t\t\t\t\t\t\t\t\t\t\t\t<span class=\"elementor-accordion-icon elementor-accordion-icon-left\" aria-hidden=\"true\">\n\t\t\t\t\t\t\t\t\t\t\t\t\t\t\t<i class=\"elementor-accordion-icon-closed fa fa-plus\"><\/i>\n\t\t\t\t\t\t\t\t<i class=\"elementor-accordion-icon-opened fa fa-minus\"><\/i>\n\t\t\t\t\t\t\t\t\t\t\t\t\t\t<\/span>\n\t\t\t\t\t\t\t\t\t\t\t\t<a class=\"elementor-accordion-title\" href=\"\">PVC folie - Plastfoil<\/a>\n\t\t\t\t\t<\/div>\n\t\t\t\t\t<div id=\"elementor-tab-content-2422\" class=\"elementor-tab-content elementor-clearfix\" data-tab=\"2\" role=\"tabpanel\" aria-labelledby=\"elementor-tab-title-2422\"><p><span style=\"color: #ffffff;\"><a style=\"color: #ffffff;\" href=\"http:\/\/eurotec.cz\/wp-content\/uploads\/2018\/07\/TL-Plastfoil-ECO.pdf\" target=\"_blank\" rel=\"noopener\">Plastfoil ECO<\/a><\/span> &#8211; polymern\u00ed hydroizola\u010dn\u00ed pvc folie tl. 1,2mm &#8211; 2,0mm, vyztu\u017een\u00e1 polyesterovou m\u0159\u00ed\u017ekou<\/p><p><span style=\"color: #ffffff;\"><a style=\"color: #ffffff;\" href=\"http:\/\/eurotec.cz\/wp-content\/uploads\/2018\/07\/TL-Plastfoil-ART.pdf\" target=\"_blank\" rel=\"noopener\">Plastfoil ART<\/a><\/span> &#8211; polymern\u00ed hydroizola\u010dn\u00ed pvc folie tl. 1,2mm bez v\u00fdztuhov\u00e9 armatury, vhodn\u00e1 pro detailovac\u00ed pr\u00e1ce<\/p><p><span style=\"color: #ffffff;\"><a style=\"color: #ffffff;\" href=\"http:\/\/eurotec.cz\/wp-content\/uploads\/2018\/07\/TL-Plastfoil-LAY.pdf\" target=\"_blank\" rel=\"noopener\">Plastfoil LAY<\/a><\/span> &#8211; polymern\u00ed hydroizola\u010dn\u00ed pvc folie tl. 1,5mm &#8211; 2,0mm, vyztu\u017een\u00e1 syntetickou m\u0159\u00ed\u017ekou, s v\u00fdraznou protiskluzovou povrchovou \u00fapravou<\/p><\/div>\n\t\t\t\t<\/div>\n\t\t\t\t\t\t\t<div class=\"elementor-accordion-item\">\n\t\t\t\t\t<div id=\"elementor-tab-title-2423\" class=\"elementor-tab-title\" data-tab=\"3\" role=\"tab\" aria-controls=\"elementor-tab-content-2423\" aria-expanded=\"false\">\n\t\t\t\t\t\t\t\t\t\t\t\t\t<span class=\"elementor-accordion-icon elementor-accordion-icon-left\" aria-hidden=\"true\">\n\t\t\t\t\t\t\t\t\t\t\t\t\t\t\t<i class=\"elementor-accordion-icon-closed fa fa-plus\"><\/i>\n\t\t\t\t\t\t\t\t<i class=\"elementor-accordion-icon-opened fa fa-minus\"><\/i>\n\t\t\t\t\t\t\t\t\t\t\t\t\t\t<\/span>\n\t\t\t\t\t\t\t\t\t\t\t\t<a class=\"elementor-accordion-title\" href=\"\">TPE folie - IKO Spectraplan<\/a>\n\t\t\t\t\t<\/div>\n\t\t\t\t\t<div id=\"elementor-tab-content-2423\" class=\"elementor-tab-content elementor-clearfix\" data-tab=\"3\" role=\"tabpanel\" aria-labelledby=\"elementor-tab-title-2423\"><p><span style=\"color: #ffffff;\"><a style=\"color: #ffffff;\" href=\"http:\/\/eurotec.cz\/wp-content\/uploads\/2018\/10\/TL-Spectraplan-SM120.pdf\" target=\"_blank\" rel=\"noopener\">IKO Spectraplan SM<\/a>\u00a0&#8211; hydroizola\u010dn\u00ed TPE f\u00f3lie tl. 1,2mm, vyztu\u017een\u00e1 tkanou polyesterovou m\u0159\u00ed\u017ekou, vhodn\u00e1 pro mechanick\u00e9 kotven\u00ed\u00a0<\/span><\/p><p><span style=\"color: #ffffff;\"><a style=\"color: #ffffff;\" href=\"http:\/\/eurotec.cz\/wp-content\/uploads\/2018\/07\/TL-CZ-SPLAN-SG120.pdf\" target=\"_blank\" rel=\"noopener\">IKO Spectraplan SG<\/a>\u00a0&#8211; hydroizola\u010dn\u00ed TPE f\u00f3lie tl. 1,2mm, vyztu\u017een\u00e1 armaturou ze skeln\u00e9 tkaniny, na spodn\u00ed stran\u011b ka\u0161\u00edrovan\u00e1 vliesem, vhodn\u00e1 pro lepen\u00ed\u00a0<\/span><\/p><p><span style=\"color: #ffffff;\"><a style=\"color: #ffffff;\" href=\"http:\/\/eurotec.cz\/wp-content\/uploads\/2018\/07\/TL-CZ-SPLAN-Walkway.pdf\" target=\"_blank\" rel=\"noopener\">IKO Spectraplan Walkway<\/a>\u00a0&#8211; pochoz\u00ed TPE f\u00f3lie tl. 4,0mm, bez armatury, s protiskluzovou povrchovou \u00fapravou pro dodate\u010dnou ochranu hydroizola\u010dn\u00ed f\u00f3lie, vybaven\u00e1 \u017elut\u00fdmi vymezovac\u00edmi pruhy<\/span><\/p><p><span style=\"color: #ffffff;\"><a style=\"color: #ffffff;\" href=\"http:\/\/eurotec.cz\/wp-content\/uploads\/2018\/07\/TL-CZ-SPLAN-D.pdf\" target=\"_blank\" rel=\"noopener\">IKO Spectraplan D<\/a><\/span> &#8211; detailovac\u00ed TPE f\u00f3lie tl. 1,5mm, bez armatury\u00a0<\/p><\/div>\n\t\t\t\t<\/div>\n\t\t\t\t\t\t\t<div class=\"elementor-accordion-item\">\n\t\t\t\t\t<div id=\"elementor-tab-title-2424\" class=\"elementor-tab-title\" data-tab=\"4\" role=\"tab\" aria-controls=\"elementor-tab-content-2424\" aria-expanded=\"false\">\n\t\t\t\t\t\t\t\t\t\t\t\t\t<span class=\"elementor-accordion-icon elementor-accordion-icon-left\" aria-hidden=\"true\">\n\t\t\t\t\t\t\t\t\t\t\t\t\t\t\t<i class=\"elementor-accordion-icon-closed fa fa-plus\"><\/i>\n\t\t\t\t\t\t\t\t<i class=\"elementor-accordion-icon-opened fa fa-minus\"><\/i>\n\t\t\t\t\t\t\t\t\t\t\t\t\t\t<\/span>\n\t\t\t\t\t\t\t\t\t\t\t\t<a class=\"elementor-accordion-title\" href=\"\">TPO folie - Sintofoil<\/a>\n\t\t\t\t\t<\/div>\n\t\t\t\t\t<div id=\"elementor-tab-content-2424\" class=\"elementor-tab-content elementor-clearfix\" data-tab=\"4\" role=\"tabpanel\" aria-labelledby=\"elementor-tab-title-2424\"><p><span style=\"color: #ffffff;\"><a style=\"color: #ffffff;\" href=\"http:\/\/eurotec.cz\/wp-content\/uploads\/2018\/09\/TL-SINTOFOIL-RG-1215.pdf\" target=\"_blank\" rel=\"noopener\">Sintofoil RG<\/a><\/span> &#8211; hydroizola\u010dn\u00ed f\u00f3lie tl. 1,2mm a 1,5mm, vyroben\u00e1 koextruz\u00ed elastomerizovan\u00e9ho termoplastick\u00e9ho olefinu a polypropylenu, vyztu\u017een\u00e1 armaturou ze skeln\u00fdch vl\u00e1ken, vhodn\u00e1 pro mechanick\u00e9 kotven\u00ed\u00a0<\/p><p><span style=\"color: #ffffff;\"><a style=\"color: #ffffff;\" href=\"http:\/\/eurotec.cz\/wp-content\/uploads\/2018\/09\/TL-SINTOFOIL-RT-12-15.pdf\" target=\"_blank\" rel=\"noopener\">Sintofoil RT<\/a><\/span> &#8211; hydroizola\u010dn\u00ed f\u00f3lie tl. 1,2mm a 1,5mm, vyroben\u00e1 koextruz\u00ed elastomerizovan\u00e9ho termoplastick\u00e9ho olefinu a polypropylenu, vyztu\u017een\u00e1 polyesterovou armaturou, vhodn\u00e1 pro mechanick\u00e9 kotven\u00ed<\/p><p><span style=\"color: #ffffff;\"><a style=\"color: #ffffff;\" href=\"http:\/\/eurotec.cz\/wp-content\/uploads\/2018\/09\/TL-SINTOFOIL-ST-12-15-2.pdf\" target=\"_blank\" rel=\"noopener\">Sintofoil ST<\/a><\/span> &#8211; hydroizola\u010dn\u00ed f\u00f3lie tl. 1,2mm a 1,5mm, vyroben\u00e1 koextruz\u00ed elastomerizovan\u00e9ho termpolastick\u00e9ho olefinu a polypropylenu, bez v\u00fdztuhy, vhodn\u00e1 pro mechanick\u00e9 kotven\u00ed<\/p><\/div>\n\t\t\t\t<\/div>\n\t\t\t\t\t\t\t<div class=\"elementor-accordion-item\">\n\t\t\t\t\t<div id=\"elementor-tab-title-2425\" class=\"elementor-tab-title\" data-tab=\"5\" role=\"tab\" aria-controls=\"elementor-tab-content-2425\" aria-expanded=\"false\">\n\t\t\t\t\t\t\t\t\t\t\t\t\t<span class=\"elementor-accordion-icon elementor-accordion-icon-left\" aria-hidden=\"true\">\n\t\t\t\t\t\t\t\t\t\t\t\t\t\t\t<i class=\"elementor-accordion-icon-closed fa fa-plus\"><\/i>\n\t\t\t\t\t\t\t\t<i class=\"elementor-accordion-icon-opened fa fa-minus\"><\/i>\n\t\t\t\t\t\t\t\t\t\t\t\t\t\t<\/span>\n\t\t\t\t\t\t\t\t\t\t\t\t<a class=\"elementor-accordion-title\" href=\"\">Zemn\u00ed izolace<\/a>\n\t\t\t\t\t<\/div>\n\t\t\t\t\t<div id=\"elementor-tab-content-2425\" class=\"elementor-tab-content elementor-clearfix\" data-tab=\"5\" role=\"tabpanel\" aria-labelledby=\"elementor-tab-title-2425\"><p><span style=\"color: #ffffff;\"><a style=\"color: #ffffff;\" href=\"http:\/\/eurotec.cz\/wp-content\/uploads\/2018\/10\/TL-Izofol.pdf\" target=\"_blank\" rel=\"noopener\">Izofol<\/a>\u00a0&#8211; nevyztu\u017een\u00e1 hydroizola\u010dn\u00ed f\u00f3lie z m\u011bk\u010den\u00e9ho PVC (PVC-P) tl. 1,0mm &#8211; 2,0mm, vhodn\u00e1 pro pou\u017eit\u00ed proti tlakov\u00e9 a prosakuj\u00edc\u00ed vod\u011b a p\u0159edev\u0161\u00edm pro hydroizolace z\u00e1klad\u016f<\/span><\/p><p><span style=\"color: #ffffff;\"><a style=\"color: #ffffff;\" href=\"http:\/\/eurotec.cz\/wp-content\/uploads\/2018\/09\/TL-Eurofol.pdf\" target=\"_blank\" rel=\"noopener\">Eurofol<\/a>\u00a0&#8211; nevyztu\u017een\u00e1 hydroizola\u010dn\u00ed f\u00f3lie z m\u011bk\u010den\u00e9ho PVC (PVC-P) tl. 0,5mm &#8211; 2,0mm, vhodn\u00e1 pro pou\u017eit\u00ed proti tlakov\u00e9 a prosakuj\u00edc\u00ed vod\u011b a p\u0159edev\u0161\u00edm pro hydroizolace z\u00e1klad\u016f\u00a0\u00a0<\/span><\/p><p><span style=\"color: #ffffff;\"><a style=\"color: #ffffff;\" href=\"http:\/\/eurotec.cz\/wp-content\/uploads\/2018\/09\/TL-Eurofol-Lake.pdf\" target=\"_blank\" rel=\"noopener\">Eurofol Lake<\/a>\u00a0&#8211; nevyztu\u017een\u00e1 hydroizola\u010dn\u00ed f\u00f3lie z m\u011bk\u010den\u00e9ho PVC (PVC-P) tl. 1,0mm &#8211; 2,0mm, vhodn\u00e1 pro hydroizolace zahradn\u00edch jez\u00edrek, po\u017e\u00e1rn\u00edch a jin\u00fdch n\u00e1dr\u017e\u00ed<\/span><\/p><\/div>\n\t\t\t\t<\/div>\n\t\t\t\t\t\t\t\t<\/div>\n\t\t\t\t<\/div>\n\t\t\t\t<\/div>\n\t\t\t\t<div class=\"elementor-element elementor-element-88a8c35 elementor-widget elementor-widget-html\" data-id=\"88a8c35\" data-element_type=\"widget\" data-widget_type=\"html.default\">\n\t\t\t\t<div class=\"elementor-widget-container\">\n\t\t\t<script> \r\njQuery(document).ready(function($) { \r\nvar delay = 100; setTimeout(function() { \r\n$('.elementor-tab-title').removeClass('elementor-active');\r\n $('.elementor-tab-content').css('display', 'none'); }, delay); \r\n}); \r\n<\/script>\t\t<\/div>\n\t\t\t\t<\/div>\n\t\t\t\t\t\t<\/div>\n\t\t\t\t\t<\/div>\n\t\t<\/div>\n\t\t\t\t\t\t\t\t<\/div>\n\t\t\t\t\t<\/div>\n\t\t<\/section>\n\t\t\t\t\t\t<\/div>\n\t\t\t\t\t\t<\/div>\n\t\t\t\t\t<\/div>\n\t\t","protected":false},"excerpt":{"rendered":"<p>F\u00f3liov\u00e9 syst\u00e9my na b\u00e1zi PVC-P, TPE a TPO jsou ur\u010deny pro hydroizolace ploch\u00fdch st\u0159ech, izolace zemn\u00edch a podzemn\u00edch staveb proti vod\u011b a radonu. St\u0159e\u0161n\u00ed hydroizola\u010dn\u00ed f\u00f3lie jsou vyrobeny z kvalitn\u00edho m\u011bk\u010den\u00e9ho PVC (PVC-P) a jsou ur\u010den\u00e9 pro zhotoven\u00ed hydroizola\u010dn\u00ed vrstvy na ploch\u00fdch i \u0161ikm\u00fdch st\u0159ech\u00e1ch, a to i v po\u017e\u00e1rn\u011b nebezpe\u010dn\u00fdch prostorech (zkou\u0161ka na neho\u0159lavost [&hellip;]<\/p>\n","protected":false},"author":1,"featured_media":149,"parent":40,"menu_order":0,"comment_status":"closed","ping_status":"closed","template":"","meta":[],"_links":{"self":[{"href":"http:\/\/eurotec.cz\/en\/wp-json\/wp\/v2\/pages\/132"}],"collection":[{"href":"http:\/\/eurotec.cz\/en\/wp-json\/wp\/v2\/pages"}],"about":[{"href":"http:\/\/eurotec.cz\/en\/wp-json\/wp\/v2\/types\/page"}],"author":[{"embeddable":true,"href":"http:\/\/eurotec.cz\/en\/wp-json\/wp\/v2\/users\/1"}],"replies":[{"embeddable":true,"href":"http:\/\/eurotec.cz\/en\/wp-json\/wp\/v2\/comments?post=132"}],"version-history":[{"count":84,"href":"http:\/\/eurotec.cz\/en\/wp-json\/wp\/v2\/pages\/132\/revisions"}],"predecessor-version":[{"id":2541,"href":"http:\/\/eurotec.cz\/en\/wp-json\/wp\/v2\/pages\/132\/revisions\/2541"}],"up":[{"embeddable":true,"href":"http:\/\/eurotec.cz\/en\/wp-json\/wp\/v2\/pages\/40"}],"wp:featuredmedia":[{"embeddable":true,"href":"http:\/\/eurotec.cz\/en\/wp-json\/wp\/v2\/media\/149"}],"wp:attachment":[{"href":"http:\/\/eurotec.cz\/en\/wp-json\/wp\/v2\/media?parent=132"}],"curies":[{"name":"wp","href":"https:\/\/api.w.org\/{rel}","templated":true}]}}