{"id":138,"date":"2017-07-16T00:06:27","date_gmt":"2017-07-15T22:06:27","guid":{"rendered":"http:\/\/eurotec.cz?page_id=138"},"modified":"2019-03-04T22:39:16","modified_gmt":"2019-03-04T21:39:16","slug":"tepelne-izolace","status":"publish","type":"page","link":"http:\/\/eurotec.cz\/en\/produkty\/tepelne-izolace\/","title":{"rendered":"TEPELN\u00c9 IZOLACE"},"content":{"rendered":"\t\t<div data-elementor-type=\"wp-post\" data-elementor-id=\"138\" class=\"elementor elementor-138 elementor-bc-flex-widget\" data-elementor-settings=\"[]\">\n\t\t\t\t\t\t<div class=\"elementor-inner\">\n\t\t\t\t\t\t\t<div class=\"elementor-section-wrap\">\n\t\t\t\t\t\t\t<section class=\"elementor-section elementor-top-section elementor-element elementor-element-ttjzins elementor-section-boxed elementor-section-height-default elementor-section-height-default\" data-id=\"ttjzins\" data-element_type=\"section\">\n\t\t\t\t\t\t<div class=\"elementor-container elementor-column-gap-default\">\n\t\t\t\t\t\t\t<div class=\"elementor-row\">\n\t\t\t\t\t<div class=\"elementor-column elementor-col-50 elementor-top-column elementor-element elementor-element-mlncsap\" data-id=\"mlncsap\" data-element_type=\"column\">\n\t\t\t<div class=\"elementor-column-wrap elementor-element-populated\">\n\t\t\t\t\t\t\t<div class=\"elementor-widget-wrap\">\n\t\t\t\t\t\t<div class=\"elementor-element elementor-element-zuuauej elementor-widget elementor-widget-text-editor\" data-id=\"zuuauej\" data-element_type=\"widget\" data-widget_type=\"text-editor.default\">\n\t\t\t\t<div class=\"elementor-widget-container\">\n\t\t\t\t\t\t\t\t<div class=\"elementor-text-editor elementor-clearfix\">\n\t\t\t\t<p><img loading=\"lazy\" class=\"aligncenter size-medium wp-image-609\" src=\"http:\/\/eurotec.cz.10-48-0-10.flexcloud.cz\/wp-content\/uploads\/2017\/09\/banner-4-300x155.jpg\" alt=\"\" width=\"300\" height=\"155\" srcset=\"https:\/\/eurotec.cz\/wp-content\/uploads\/2017\/09\/banner-4-300x155.jpg 300w, https:\/\/eurotec.cz\/wp-content\/uploads\/2017\/09\/banner-4.jpg 467w\" sizes=\"(max-width: 300px) 100vw, 300px\" \/><\/p>\t\t\t\t\t<\/div>\n\t\t\t\t\t\t<\/div>\n\t\t\t\t<\/div>\n\t\t\t\t\t\t<\/div>\n\t\t\t\t\t<\/div>\n\t\t<\/div>\n\t\t\t\t<div class=\"elementor-column elementor-col-50 elementor-top-column elementor-element elementor-element-8edf510\" data-id=\"8edf510\" data-element_type=\"column\">\n\t\t\t<div class=\"elementor-column-wrap elementor-element-populated\">\n\t\t\t\t\t\t\t<div class=\"elementor-widget-wrap\">\n\t\t\t\t\t\t<div class=\"elementor-element elementor-element-56ccb76 elementor-widget elementor-widget-text-editor\" data-id=\"56ccb76\" data-element_type=\"widget\" data-widget_type=\"text-editor.default\">\n\t\t\t\t<div class=\"elementor-widget-container\">\n\t\t\t\t\t\t\t\t<div class=\"elementor-text-editor elementor-clearfix\">\n\t\t\t\t<p><span style=\"color: #000000; font-size: 12pt;\">Jsou ur\u010deny pro tepelnou izolaci ploch\u00fdch i \u0161ikm\u00fdch st\u0159ech. D\u00e1le jako akustick\u00e1 \u010di proti<\/span><span style=\"color: #000000; font-size: 12pt; background-color: inherit;\">po\u017e\u00e1rn\u00ed izolace, tak\u00e9 je mo\u017en\u00e9 pou\u017eit\u00ed pro zateplen\u00ed podlah.<\/span><\/p><p><span style=\"color: #000000; font-size: 12pt;\">V na\u0161\u00ed nab\u00eddce m\u00e1me \u0161irokou \u0161k\u00e1lu izola\u010dn\u00edch materi\u00e1l\u016f z kamenn\u00e9 vlny pro tepeln\u00e9, akustick\u00e9 a protipo\u017e\u00e1rn\u00ed aplikace pro r\u016fzn\u00e9 \u00fa\u010dely pou\u017eit\u00ed. Jedn\u00e1 se p\u0159edev\u0161\u00edm o materi\u00e1ly pro \u0161ikm\u00e9 a ploch\u00e9 st\u0159echy, kontaktn\u00ed a prov\u011btr\u00e1van\u00e9 fas\u00e1dy atd.<\/span><\/p>\t\t\t\t\t<\/div>\n\t\t\t\t\t\t<\/div>\n\t\t\t\t<\/div>\n\t\t\t\t\t\t<\/div>\n\t\t\t\t\t<\/div>\n\t\t<\/div>\n\t\t\t\t\t\t\t\t<\/div>\n\t\t\t\t\t<\/div>\n\t\t<\/section>\n\t\t\t\t<section class=\"elementor-section elementor-top-section elementor-element elementor-element-jidkxla elementor-section-boxed elementor-section-height-default elementor-section-height-default\" data-id=\"jidkxla\" data-element_type=\"section\">\n\t\t\t\t\t\t<div class=\"elementor-container elementor-column-gap-default\">\n\t\t\t\t\t\t\t<div class=\"elementor-row\">\n\t\t\t\t\t<div class=\"elementor-column elementor-col-100 elementor-top-column elementor-element elementor-element-7f5ud4i\" data-id=\"7f5ud4i\" data-element_type=\"column\">\n\t\t\t<div class=\"elementor-column-wrap elementor-element-populated\">\n\t\t\t\t\t\t\t<div class=\"elementor-widget-wrap\">\n\t\t\t\t\t\t<div class=\"elementor-element elementor-element-2tcehxo elementor-widget elementor-widget-accordion\" data-id=\"2tcehxo\" data-element_type=\"widget\" data-widget_type=\"accordion.default\">\n\t\t\t\t<div class=\"elementor-widget-container\">\n\t\t\t\t\t<div class=\"elementor-accordion\" role=\"tablist\">\n\t\t\t\t\t\t\t<div class=\"elementor-accordion-item\">\n\t\t\t\t\t<div id=\"elementor-tab-title-7181\" class=\"elementor-tab-title\" data-tab=\"1\" role=\"tab\" aria-controls=\"elementor-tab-content-7181\" aria-expanded=\"false\">\n\t\t\t\t\t\t\t\t\t\t\t\t\t<span class=\"elementor-accordion-icon elementor-accordion-icon-left\" aria-hidden=\"true\">\n\t\t\t\t\t\t\t\t\t\t\t\t\t\t\t<i class=\"elementor-accordion-icon-closed fa fa-plus\"><\/i>\n\t\t\t\t\t\t\t\t<i class=\"elementor-accordion-icon-opened fa fa-minus\"><\/i>\n\t\t\t\t\t\t\t\t\t\t\t\t\t\t<\/span>\n\t\t\t\t\t\t\t\t\t\t\t\t<a class=\"elementor-accordion-title\" href=\"\">P\u011aNOV\u00dd POLYSTYR\u00c9N - EPS<\/a>\n\t\t\t\t\t<\/div>\n\t\t\t\t\t<div id=\"elementor-tab-content-7181\" class=\"elementor-tab-content elementor-clearfix\" data-tab=\"1\" role=\"tabpanel\" aria-labelledby=\"elementor-tab-title-7181\"><p>EPS 70S<\/p><p>EPS 100S<\/p><p>EPS 150S\u00a0<\/p><p>EPS 200S<\/p><\/div>\n\t\t\t\t<\/div>\n\t\t\t\t\t\t\t<div class=\"elementor-accordion-item\">\n\t\t\t\t\t<div id=\"elementor-tab-title-7182\" class=\"elementor-tab-title\" data-tab=\"2\" role=\"tab\" aria-controls=\"elementor-tab-content-7182\" aria-expanded=\"false\">\n\t\t\t\t\t\t\t\t\t\t\t\t\t<span class=\"elementor-accordion-icon elementor-accordion-icon-left\" aria-hidden=\"true\">\n\t\t\t\t\t\t\t\t\t\t\t\t\t\t\t<i class=\"elementor-accordion-icon-closed fa fa-plus\"><\/i>\n\t\t\t\t\t\t\t\t<i class=\"elementor-accordion-icon-opened fa fa-minus\"><\/i>\n\t\t\t\t\t\t\t\t\t\t\t\t\t\t<\/span>\n\t\t\t\t\t\t\t\t\t\t\t\t<a class=\"elementor-accordion-title\" href=\"\">EXTRUDOVAN\u00dd POLYSTYR\u00c9N - XPS<\/a>\n\t\t\t\t\t<\/div>\n\t\t\t\t\t<div id=\"elementor-tab-content-7182\" class=\"elementor-tab-content elementor-clearfix\" data-tab=\"2\" role=\"tabpanel\" aria-labelledby=\"elementor-tab-title-7182\"><p>XPS 300<\/p><p>XPS 500<\/p><p>XPS 700<\/p><\/div>\n\t\t\t\t<\/div>\n\t\t\t\t\t\t\t<div class=\"elementor-accordion-item\">\n\t\t\t\t\t<div id=\"elementor-tab-title-7183\" class=\"elementor-tab-title\" data-tab=\"3\" role=\"tab\" aria-controls=\"elementor-tab-content-7183\" aria-expanded=\"false\">\n\t\t\t\t\t\t\t\t\t\t\t\t\t<span class=\"elementor-accordion-icon elementor-accordion-icon-left\" aria-hidden=\"true\">\n\t\t\t\t\t\t\t\t\t\t\t\t\t\t\t<i class=\"elementor-accordion-icon-closed fa fa-plus\"><\/i>\n\t\t\t\t\t\t\t\t<i class=\"elementor-accordion-icon-opened fa fa-minus\"><\/i>\n\t\t\t\t\t\t\t\t\t\t\t\t\t\t<\/span>\n\t\t\t\t\t\t\t\t\t\t\t\t<a class=\"elementor-accordion-title\" href=\"\">PIR desky<\/a>\n\t\t\t\t\t<\/div>\n\t\t\t\t\t<div id=\"elementor-tab-content-7183\" class=\"elementor-tab-content elementor-clearfix\" data-tab=\"3\" role=\"tabpanel\" aria-labelledby=\"elementor-tab-title-7183\"><p><span style=\"color: #ffffff;\"><a style=\"color: #ffffff;\" href=\"http:\/\/eurotec.cz\/wp-content\/uploads\/2018\/08\/TL-Enertherm-ALU.pdf\" target=\"_blank\" rel=\"noopener\">Enertherm ALU<\/a> &#8211; tepeln\u011b izola\u010dn\u00ed deska z polyisokyanur\u00e1tov\u00e9 p\u011bny z obou stran pokryt\u00e1 plynot\u011bsnou hlin\u00edkovou vrstvou<\/span><\/p><p><span style=\"color: #ffffff;\"><a style=\"color: #ffffff;\" href=\"http:\/\/eurotec.cz\/wp-content\/uploads\/2018\/08\/TL-Enertherm-MG.pdf\" target=\"_blank\" rel=\"noopener\">Enertherm MG<\/a> &#8211; tepeln\u011b izola\u010dn\u00ed deska z polyisokyanur\u00e1tov\u00e9 p\u011bny z obou stran pokryt\u00e1 perforovanou mineralizovanou skelnou tkaninou<\/span><\/p><p><span style=\"color: #ffffff;\"><a style=\"color: #ffffff;\" href=\"http:\/\/eurotec.cz\/wp-content\/uploads\/2019\/02\/TL-Enertherm-BGF.pdf\" target=\"_blank\" rel=\"noopener\">Enertherm BGF<\/a>\u00a0&#8211; tepeln\u011b izola\u010dn\u00ed deska z polyisokyanur\u00e1tov\u00e9 p\u011bny z obou stran pokryt\u00e1 paroz\u00e1branou ze skeln\u00e9 tkaniny v asfaltov\u00e9m polypropylenu bez p\u00edsku a mastku\u00a0 \u00a0 \u00a0<\/span><\/p><p><span style=\"color: #ffffff;\"><a style=\"color: #ffffff;\" href=\"http:\/\/eurotec.cz\/wp-content\/uploads\/2019\/02\/TL-Enertherm-KR-ALU.pdf\" target=\"_blank\" rel=\"noopener\">Enertherm KR ALU<\/a>\u00a0&#8211; tepeln\u011b izola\u010dn\u00ed deska z polyisokyanur\u00e1tov\u00e9 p\u011bny z obou stran pokryt\u00e1 plynot\u011bsnou hlin\u00edkovou vrstvou<\/span><\/p><\/div>\n\t\t\t\t<\/div>\n\t\t\t\t\t\t\t<div class=\"elementor-accordion-item\">\n\t\t\t\t\t<div id=\"elementor-tab-title-7184\" class=\"elementor-tab-title\" data-tab=\"4\" role=\"tab\" aria-controls=\"elementor-tab-content-7184\" aria-expanded=\"false\">\n\t\t\t\t\t\t\t\t\t\t\t\t\t<span class=\"elementor-accordion-icon elementor-accordion-icon-left\" aria-hidden=\"true\">\n\t\t\t\t\t\t\t\t\t\t\t\t\t\t\t<i class=\"elementor-accordion-icon-closed fa fa-plus\"><\/i>\n\t\t\t\t\t\t\t\t<i class=\"elementor-accordion-icon-opened fa fa-minus\"><\/i>\n\t\t\t\t\t\t\t\t\t\t\t\t\t\t<\/span>\n\t\t\t\t\t\t\t\t\t\t\t\t<a class=\"elementor-accordion-title\" href=\"\">FESCO desky<\/a>\n\t\t\t\t\t<\/div>\n\t\t\t\t\t<div id=\"elementor-tab-content-7184\" class=\"elementor-tab-content elementor-clearfix\" data-tab=\"4\" role=\"tabpanel\" aria-labelledby=\"elementor-tab-title-7184\"><p><span style=\"color: #ffffff;\"><a style=\"color: #ffffff;\" href=\"http:\/\/eurotec.cz\/wp-content\/uploads\/2018\/10\/TL-Fesco-c-cdo-CZ.pdf\" target=\"_blank\" rel=\"noopener\">Fesco C<\/a> &#8211; tepeln\u011b izola\u010dn\u00ed desky z expandovan\u00e9ho perlitu<\/span><\/p><p><span style=\"color: #ffffff;\"><a style=\"color: #ffffff;\" href=\"http:\/\/eurotec.cz\/wp-content\/uploads\/2018\/10\/TL-Fesco-c-cdo-CZ.pdf\" target=\"_blank\" rel=\"noopener\">Fesco C-DO<\/a> &#8211; tepeln\u011b izola\u010dn\u00ed desky z expandovan\u00e9ho perlitu s odsazen\u00fdmi spoji<\/span><\/p><\/div>\n\t\t\t\t<\/div>\n\t\t\t\t\t\t\t<div class=\"elementor-accordion-item\">\n\t\t\t\t\t<div id=\"elementor-tab-title-7185\" class=\"elementor-tab-title\" data-tab=\"5\" role=\"tab\" aria-controls=\"elementor-tab-content-7185\" aria-expanded=\"false\">\n\t\t\t\t\t\t\t\t\t\t\t\t\t<span class=\"elementor-accordion-icon elementor-accordion-icon-left\" aria-hidden=\"true\">\n\t\t\t\t\t\t\t\t\t\t\t\t\t\t\t<i class=\"elementor-accordion-icon-closed fa fa-plus\"><\/i>\n\t\t\t\t\t\t\t\t<i class=\"elementor-accordion-icon-opened fa fa-minus\"><\/i>\n\t\t\t\t\t\t\t\t\t\t\t\t\t\t<\/span>\n\t\t\t\t\t\t\t\t\t\t\t\t<a class=\"elementor-accordion-title\" href=\"\">MINER\u00c1LN\u00cd VLNA<\/a>\n\t\t\t\t\t<\/div>\n\t\t\t\t\t<div id=\"elementor-tab-content-7185\" class=\"elementor-tab-content elementor-clearfix\" data-tab=\"5\" role=\"tabpanel\" aria-labelledby=\"elementor-tab-title-7185\"><p>PODKLADN\u00cd DESKY<\/p><ul><li>30 kPa<\/li><li>40 kPa<\/li><\/ul><p>VRCHN\u00cd DESKY<\/p><ul><li>60 kPa<\/li><li>70 kPa<\/li><\/ul><\/div>\n\t\t\t\t<\/div>\n\t\t\t\t\t\t\t\t<\/div>\n\t\t\t\t<\/div>\n\t\t\t\t<\/div>\n\t\t\t\t<div class=\"elementor-element elementor-element-5f6624b elementor-widget elementor-widget-html\" data-id=\"5f6624b\" data-element_type=\"widget\" data-widget_type=\"html.default\">\n\t\t\t\t<div class=\"elementor-widget-container\">\n\t\t\t<script> \r\njQuery(document).ready(function($) { \r\nvar delay = 100; setTimeout(function() { \r\n$('.elementor-tab-title').removeClass('elementor-active');\r\n $('.elementor-tab-content').css('display', 'none'); }, delay); \r\n}); \r\n<\/script>\t\t<\/div>\n\t\t\t\t<\/div>\n\t\t\t\t\t\t<\/div>\n\t\t\t\t\t<\/div>\n\t\t<\/div>\n\t\t\t\t\t\t\t\t<\/div>\n\t\t\t\t\t<\/div>\n\t\t<\/section>\n\t\t\t\t\t\t<\/div>\n\t\t\t\t\t\t<\/div>\n\t\t\t\t\t<\/div>\n\t\t","protected":false},"excerpt":{"rendered":"<p>Jsou ur\u010deny pro tepelnou izolaci ploch\u00fdch i \u0161ikm\u00fdch st\u0159ech. D\u00e1le jako akustick\u00e1 \u010di protipo\u017e\u00e1rn\u00ed izolace, tak\u00e9 je mo\u017en\u00e9 pou\u017eit\u00ed pro zateplen\u00ed podlah. V na\u0161\u00ed nab\u00eddce m\u00e1me \u0161irokou \u0161k\u00e1lu izola\u010dn\u00edch materi\u00e1l\u016f z kamenn\u00e9 vlny pro tepeln\u00e9, akustick\u00e9 a protipo\u017e\u00e1rn\u00ed aplikace pro r\u016fzn\u00e9 \u00fa\u010dely pou\u017eit\u00ed. Jedn\u00e1 se p\u0159edev\u0161\u00edm o materi\u00e1ly pro \u0161ikm\u00e9 a ploch\u00e9 st\u0159echy, kontaktn\u00ed a [&hellip;]<\/p>\n","protected":false},"author":1,"featured_media":155,"parent":40,"menu_order":0,"comment_status":"closed","ping_status":"closed","template":"","meta":[],"_links":{"self":[{"href":"http:\/\/eurotec.cz\/en\/wp-json\/wp\/v2\/pages\/138"}],"collection":[{"href":"http:\/\/eurotec.cz\/en\/wp-json\/wp\/v2\/pages"}],"about":[{"href":"http:\/\/eurotec.cz\/en\/wp-json\/wp\/v2\/types\/page"}],"author":[{"embeddable":true,"href":"http:\/\/eurotec.cz\/en\/wp-json\/wp\/v2\/users\/1"}],"replies":[{"embeddable":true,"href":"http:\/\/eurotec.cz\/en\/wp-json\/wp\/v2\/comments?post=138"}],"version-history":[{"count":39,"href":"http:\/\/eurotec.cz\/en\/wp-json\/wp\/v2\/pages\/138\/revisions"}],"predecessor-version":[{"id":2209,"href":"http:\/\/eurotec.cz\/en\/wp-json\/wp\/v2\/pages\/138\/revisions\/2209"}],"up":[{"embeddable":true,"href":"http:\/\/eurotec.cz\/en\/wp-json\/wp\/v2\/pages\/40"}],"wp:featuredmedia":[{"embeddable":true,"href":"http:\/\/eurotec.cz\/en\/wp-json\/wp\/v2\/media\/155"}],"wp:attachment":[{"href":"http:\/\/eurotec.cz\/en\/wp-json\/wp\/v2\/media?parent=138"}],"curies":[{"name":"wp","href":"https:\/\/api.w.org\/{rel}","templated":true}]}}