{"id":2630,"date":"2021-12-07T13:38:07","date_gmt":"2021-12-07T12:38:07","guid":{"rendered":"http:\/\/eurotec.cz\/cs\/?page_id=2630"},"modified":"2021-12-07T13:46:42","modified_gmt":"2021-12-07T12:46:42","slug":"bd-ceske-budejovice-ul-plzenska-600-m2-pouzity-material-iko-carrara-f8","status":"publish","type":"page","link":"http:\/\/eurotec.cz\/en\/reference\/cz-bd-ceske-budejovice-ul-plzenska-600-m2-pouzity-material-iko-carrara-f8\/","title":{"rendered":"(CZ) BD \u010cesk\u00e9 Bud\u011bjovice, ul. Plze\u0148sk\u00e1 &#8211; 600 m2, pou\u017eit\u00fd materi\u00e1l IKO Carrara F8"},"content":{"rendered":"<p class=\"qtranxs-available-languages-message qtranxs-available-languages-message-en\">Sorry, this entry is only available in <a href=\"http:\/\/eurotec.cz\/cs\/wp-json\/wp\/v2\/pages\/2630\" class=\"qtranxs-available-language-link qtranxs-available-language-link-cs\" title=\"CZ\">Czech<\/a>.<\/p>","protected":false},"excerpt":{"rendered":"<p>Sorry, this entry is only available in Czech.<\/p>\n","protected":false},"author":4,"featured_media":2624,"parent":43,"menu_order":0,"comment_status":"closed","ping_status":"closed","template":"","meta":[],"_links":{"self":[{"href":"http:\/\/eurotec.cz\/en\/wp-json\/wp\/v2\/pages\/2630"}],"collection":[{"href":"http:\/\/eurotec.cz\/en\/wp-json\/wp\/v2\/pages"}],"about":[{"href":"http:\/\/eurotec.cz\/en\/wp-json\/wp\/v2\/types\/page"}],"author":[{"embeddable":true,"href":"http:\/\/eurotec.cz\/en\/wp-json\/wp\/v2\/users\/4"}],"replies":[{"embeddable":true,"href":"http:\/\/eurotec.cz\/en\/wp-json\/wp\/v2\/comments?post=2630"}],"version-history":[{"count":4,"href":"http:\/\/eurotec.cz\/en\/wp-json\/wp\/v2\/pages\/2630\/revisions"}],"predecessor-version":[{"id":2634,"href":"http:\/\/eurotec.cz\/en\/wp-json\/wp\/v2\/pages\/2630\/revisions\/2634"}],"up":[{"embeddable":true,"href":"http:\/\/eurotec.cz\/en\/wp-json\/wp\/v2\/pages\/43"}],"wp:featuredmedia":[{"embeddable":true,"href":"http:\/\/eurotec.cz\/en\/wp-json\/wp\/v2\/media\/2624"}],"wp:attachment":[{"href":"http:\/\/eurotec.cz\/en\/wp-json\/wp\/v2\/media?parent=2630"}],"curies":[{"name":"wp","href":"https:\/\/api.w.org\/{rel}","templated":true}]}}