{"id":135,"date":"2017-07-16T00:04:09","date_gmt":"2017-07-15T22:04:09","guid":{"rendered":"http:\/\/eurotec.cz?page_id=135"},"modified":"2019-03-04T22:38:20","modified_gmt":"2019-03-04T21:38:20","slug":"poplastovane-plechy","status":"publish","type":"page","link":"https:\/\/eurotec.cz\/cs\/produkty\/poplastovane-plechy\/","title":{"rendered":"POPLASTOVAN\u00c9 PLECHY"},"content":{"rendered":"\t\t<div data-elementor-type=\"wp-page\" data-elementor-id=\"135\" class=\"elementor elementor-135 elementor-bc-flex-widget\" data-elementor-settings=\"[]\">\n\t\t\t\t\t\t<div class=\"elementor-inner\">\n\t\t\t\t\t\t\t<div class=\"elementor-section-wrap\">\n\t\t\t\t\t\t\t<section class=\"elementor-section elementor-top-section elementor-element elementor-element-jcaltef elementor-section-boxed elementor-section-height-default elementor-section-height-default\" data-id=\"jcaltef\" data-element_type=\"section\">\n\t\t\t\t\t\t<div class=\"elementor-container elementor-column-gap-default\">\n\t\t\t\t\t\t\t<div class=\"elementor-row\">\n\t\t\t\t\t<div class=\"elementor-column elementor-col-100 elementor-top-column elementor-element elementor-element-ksbqvoc\" data-id=\"ksbqvoc\" data-element_type=\"column\">\n\t\t\t<div class=\"elementor-column-wrap elementor-element-populated\">\n\t\t\t\t\t\t\t<div class=\"elementor-widget-wrap\">\n\t\t\t\t\t\t<div class=\"elementor-element elementor-element-yyjcsgc elementor-widget elementor-widget-text-editor\" data-id=\"yyjcsgc\" data-element_type=\"widget\" data-widget_type=\"text-editor.default\">\n\t\t\t\t<div class=\"elementor-widget-container\">\n\t\t\t\t\t\t\t\t<div class=\"elementor-text-editor elementor-clearfix\">\n\t\t\t\t<p><span style=\"color: #000000; font-size: 12pt;\">Poplastovan\u00fd plech je vyu\u017e\u00edv\u00e1n jako ukon\u010dovac\u00ed a kotv\u00edc\u00ed plechov\u00fd prvek p\u0159i aplikac\u00edch hydroizola\u010dn\u00edch f\u00f3li\u00ed. Je kompozitn\u00edm materi\u00e1lem, tvo\u0159en\u00fdm z kovov\u00e9ho z\u00e1kladn\u00edho materi\u00e1lu a povrstven\u00ed, kter\u00fd v sob\u011b spojuje\u00a0vlastnosti obou uveden\u00fdch materi\u00e1l\u016f.<\/span><\/p>\t\t\t\t\t<\/div>\n\t\t\t\t\t\t<\/div>\n\t\t\t\t<\/div>\n\t\t\t\t\t\t<\/div>\n\t\t\t\t\t<\/div>\n\t\t<\/div>\n\t\t\t\t\t\t\t\t<\/div>\n\t\t\t\t\t<\/div>\n\t\t<\/section>\n\t\t\t\t<section class=\"elementor-section elementor-top-section elementor-element elementor-element-mf2f7nc elementor-section-boxed elementor-section-height-default elementor-section-height-default\" data-id=\"mf2f7nc\" data-element_type=\"section\">\n\t\t\t\t\t\t<div class=\"elementor-container elementor-column-gap-default\">\n\t\t\t\t\t\t\t<div class=\"elementor-row\">\n\t\t\t\t\t<div class=\"elementor-column elementor-col-100 elementor-top-column elementor-element elementor-element-2m9z8xe\" data-id=\"2m9z8xe\" data-element_type=\"column\">\n\t\t\t<div class=\"elementor-column-wrap elementor-element-populated\">\n\t\t\t\t\t\t\t<div class=\"elementor-widget-wrap\">\n\t\t\t\t\t\t<div class=\"elementor-element elementor-element-c8gvt1q elementor-widget elementor-widget-accordion\" data-id=\"c8gvt1q\" data-element_type=\"widget\" data-widget_type=\"accordion.default\">\n\t\t\t\t<div class=\"elementor-widget-container\">\n\t\t\t\t\t<div class=\"elementor-accordion\" role=\"tablist\">\n\t\t\t\t\t\t\t<div class=\"elementor-accordion-item\">\n\t\t\t\t\t<div id=\"elementor-tab-title-3201\" class=\"elementor-tab-title\" data-tab=\"1\" role=\"tab\" aria-controls=\"elementor-tab-content-3201\" aria-expanded=\"false\">\n\t\t\t\t\t\t\t\t\t\t\t\t\t<span class=\"elementor-accordion-icon elementor-accordion-icon-left\" aria-hidden=\"true\">\n\t\t\t\t\t\t\t\t\t\t\t\t\t\t\t<i class=\"elementor-accordion-icon-closed fa fa-plus\"><\/i>\n\t\t\t\t\t\t\t\t<i class=\"elementor-accordion-icon-opened fa fa-minus\"><\/i>\n\t\t\t\t\t\t\t\t\t\t\t\t\t\t<\/span>\n\t\t\t\t\t\t\t\t\t\t\t\t<a class=\"elementor-accordion-title\" href=\"\">TABULOV\u00dd<\/a>\n\t\t\t\t\t<\/div>\n\t\t\t\t\t<div id=\"elementor-tab-content-3201\" class=\"elementor-tab-content elementor-clearfix\" data-tab=\"1\" role=\"tabpanel\" aria-labelledby=\"elementor-tab-title-3201\"><p>2&#215;1 m<\/p><\/div>\n\t\t\t\t<\/div>\n\t\t\t\t\t\t\t<div class=\"elementor-accordion-item\">\n\t\t\t\t\t<div id=\"elementor-tab-title-3202\" class=\"elementor-tab-title\" data-tab=\"2\" role=\"tab\" aria-controls=\"elementor-tab-content-3202\" aria-expanded=\"false\">\n\t\t\t\t\t\t\t\t\t\t\t\t\t<span class=\"elementor-accordion-icon elementor-accordion-icon-left\" aria-hidden=\"true\">\n\t\t\t\t\t\t\t\t\t\t\t\t\t\t\t<i class=\"elementor-accordion-icon-closed fa fa-plus\"><\/i>\n\t\t\t\t\t\t\t\t<i class=\"elementor-accordion-icon-opened fa fa-minus\"><\/i>\n\t\t\t\t\t\t\t\t\t\t\t\t\t\t<\/span>\n\t\t\t\t\t\t\t\t\t\t\t\t<a class=\"elementor-accordion-title\" href=\"\">SVITKY<\/a>\n\t\t\t\t\t<\/div>\n\t\t\t\t\t<div id=\"elementor-tab-content-3202\" class=\"elementor-tab-content elementor-clearfix\" data-tab=\"2\" role=\"tabpanel\" aria-labelledby=\"elementor-tab-title-3202\"><p>na dotaz<\/p><\/div>\n\t\t\t\t<\/div>\n\t\t\t\t\t\t\t<div class=\"elementor-accordion-item\">\n\t\t\t\t\t<div id=\"elementor-tab-title-3203\" class=\"elementor-tab-title\" data-tab=\"3\" role=\"tab\" aria-controls=\"elementor-tab-content-3203\" aria-expanded=\"false\">\n\t\t\t\t\t\t\t\t\t\t\t\t\t<span class=\"elementor-accordion-icon elementor-accordion-icon-left\" aria-hidden=\"true\">\n\t\t\t\t\t\t\t\t\t\t\t\t\t\t\t<i class=\"elementor-accordion-icon-closed fa fa-plus\"><\/i>\n\t\t\t\t\t\t\t\t<i class=\"elementor-accordion-icon-opened fa fa-minus\"><\/i>\n\t\t\t\t\t\t\t\t\t\t\t\t\t\t<\/span>\n\t\t\t\t\t\t\t\t\t\t\t\t<a class=\"elementor-accordion-title\" href=\"\">POPLASTOVAN\u00c9 PRVKY<\/a>\n\t\t\t\t\t<\/div>\n\t\t\t\t\t<div id=\"elementor-tab-content-3203\" class=\"elementor-tab-content elementor-clearfix\" data-tab=\"3\" role=\"tabpanel\" aria-labelledby=\"elementor-tab-title-3203\"><ul><li>spodn\u00ed + horn\u00ed li\u0161ta<\/li><li>okapnice<\/li><li>ukon\u010dovac\u00ed prvky<\/li><li>z\u00e1v\u011btrn\u00e9 li\u0161ty<\/li><li>ostatn\u00ed<\/li><\/ul><p>rozvinut\u00e1 \u0161\u00ed\u0159e dle p\u0159\u00e1n\u00ed z\u00e1kazn\u00edka<\/p><p>pro v\u00fdrobky z PVC, TPE a TPO folie<\/p><\/div>\n\t\t\t\t<\/div>\n\t\t\t\t\t\t\t\t<\/div>\n\t\t\t\t<\/div>\n\t\t\t\t<\/div>\n\t\t\t\t<div class=\"elementor-element elementor-element-c14dc33 elementor-widget elementor-widget-html\" data-id=\"c14dc33\" data-element_type=\"widget\" data-widget_type=\"html.default\">\n\t\t\t\t<div class=\"elementor-widget-container\">\n\t\t\t<script> \r\njQuery(document).ready(function($) { \r\nvar delay = 100; setTimeout(function() { \r\n$('.elementor-tab-title').removeClass('elementor-active');\r\n $('.elementor-tab-content').css('display', 'none'); }, delay); \r\n}); \r\n<\/script>\t\t<\/div>\n\t\t\t\t<\/div>\n\t\t\t\t\t\t<\/div>\n\t\t\t\t\t<\/div>\n\t\t<\/div>\n\t\t\t\t\t\t\t\t<\/div>\n\t\t\t\t\t<\/div>\n\t\t<\/section>\n\t\t\t\t\t\t<\/div>\n\t\t\t\t\t\t<\/div>\n\t\t\t\t\t<\/div>\n\t\t","protected":false},"excerpt":{"rendered":"<p>Poplastovan\u00fd plech je vyu\u017e\u00edv\u00e1n jako ukon\u010dovac\u00ed a kotv\u00edc\u00ed plechov\u00fd prvek p\u0159i aplikac\u00edch hydroizola\u010dn\u00edch f\u00f3li\u00ed. Je kompozitn\u00edm materi\u00e1lem, tvo\u0159en\u00fdm z kovov\u00e9ho z\u00e1kladn\u00edho materi\u00e1lu a povrstven\u00ed, kter\u00fd v sob\u011b spojuje\u00a0vlastnosti obou uveden\u00fdch materi\u00e1l\u016f. TABULOV\u00dd 2&#215;1 m SVITKY na dotaz POPLASTOVAN\u00c9 PRVKY spodn\u00ed + horn\u00ed li\u0161ta okapnice ukon\u010dovac\u00ed prvky z\u00e1v\u011btrn\u00e9 li\u0161ty ostatn\u00ed rozvinut\u00e1 \u0161\u00ed\u0159e dle p\u0159\u00e1n\u00ed z\u00e1kazn\u00edka pro [&hellip;]<\/p>\n","protected":false},"author":1,"featured_media":1436,"parent":40,"menu_order":0,"comment_status":"closed","ping_status":"closed","template":"","meta":[],"_links":{"self":[{"href":"https:\/\/eurotec.cz\/cs\/wp-json\/wp\/v2\/pages\/135"}],"collection":[{"href":"https:\/\/eurotec.cz\/cs\/wp-json\/wp\/v2\/pages"}],"about":[{"href":"https:\/\/eurotec.cz\/cs\/wp-json\/wp\/v2\/types\/page"}],"author":[{"embeddable":true,"href":"https:\/\/eurotec.cz\/cs\/wp-json\/wp\/v2\/users\/1"}],"replies":[{"embeddable":true,"href":"https:\/\/eurotec.cz\/cs\/wp-json\/wp\/v2\/comments?post=135"}],"version-history":[{"count":23,"href":"https:\/\/eurotec.cz\/cs\/wp-json\/wp\/v2\/pages\/135\/revisions"}],"predecessor-version":[{"id":2208,"href":"https:\/\/eurotec.cz\/cs\/wp-json\/wp\/v2\/pages\/135\/revisions\/2208"}],"up":[{"embeddable":true,"href":"https:\/\/eurotec.cz\/cs\/wp-json\/wp\/v2\/pages\/40"}],"wp:featuredmedia":[{"embeddable":true,"href":"https:\/\/eurotec.cz\/cs\/wp-json\/wp\/v2\/media\/1436"}],"wp:attachment":[{"href":"https:\/\/eurotec.cz\/cs\/wp-json\/wp\/v2\/media?parent=135"}],"curies":[{"name":"wp","href":"https:\/\/api.w.org\/{rel}","templated":true}]}}