{"id":41,"date":"2017-07-15T17:45:35","date_gmt":"2017-07-15T15:45:35","guid":{"rendered":"http:\/\/eurotec.cz?page_id=41"},"modified":"2026-03-24T09:52:23","modified_gmt":"2026-03-24T08:52:23","slug":"kontakt","status":"publish","type":"page","link":"https:\/\/eurotec.cz\/cs\/kontakt\/","title":{"rendered":"KONTAKTY"},"content":{"rendered":"\t\t<div data-elementor-type=\"wp-post\" data-elementor-id=\"41\" class=\"elementor elementor-41\" data-elementor-settings=\"[]\">\n\t\t\t\t\t\t<div class=\"elementor-inner\">\n\t\t\t\t\t\t\t<div class=\"elementor-section-wrap\">\n\t\t\t\t\t\t\t<section class=\"elementor-section elementor-top-section elementor-element elementor-element-ibo9obw elementor-section-boxed elementor-section-height-default elementor-section-height-default\" data-id=\"ibo9obw\" data-element_type=\"section\">\n\t\t\t\t\t\t<div class=\"elementor-container elementor-column-gap-default\">\n\t\t\t\t\t\t\t<div class=\"elementor-row\">\n\t\t\t\t\t<div class=\"elementor-column elementor-col-100 elementor-top-column elementor-element elementor-element-6hatcon\" data-id=\"6hatcon\" data-element_type=\"column\">\n\t\t\t<div class=\"elementor-column-wrap elementor-element-populated\">\n\t\t\t\t\t\t\t<div class=\"elementor-widget-wrap\">\n\t\t\t\t\t\t<div class=\"elementor-element elementor-element-lyevkmk elementor-widget elementor-widget-text-editor\" data-id=\"lyevkmk\" data-element_type=\"widget\" data-widget_type=\"text-editor.default\">\n\t\t\t\t<div class=\"elementor-widget-container\">\n\t\t\t\t\t\t\t\t<div class=\"elementor-text-editor elementor-clearfix\">\n\t\t\t\t<p style=\"text-align: center;\"><span style=\"font-size: 12pt; color: #000000;\"><\/span><\/p><p style=\"text-align: center;\"><span style=\"font-size: 12pt; color: #000000;\">Spole\u010dnost Eurotec Praha a.s. je V\u00e1m prost\u0159ednictv\u00edm sv\u00fdch obchodn\u00edch z\u00e1stupc\u016f k dispozici po cel\u00e9m \u00fazem\u00ed \u010cR.<\/span><\/p><p style=\"text-align: center;\"><span style=\"font-size: 12pt; color: #000000;\">\u00a0<\/span><\/p><p style=\"text-align: center;\"><span style=\"font-size: 14pt;\"><strong><span style=\"color: #000000;\">S\u00eddlo spole\u010dnosti Eurotec Praha a.s.:<\/span><\/strong><\/span><\/p><p style=\"text-align: center;\"><span style=\"font-size: 12pt; color: #000000;\">\u0160kroupovo n\u00e1m\u011bst\u00ed 1255\/9<\/span><\/p><p style=\"text-align: center;\"><span style=\"font-size: 12pt; color: #000000;\">130 00, Praha 3<\/span><\/p><p style=\"text-align: center;\"><span style=\"font-size: 12pt; color: #000000;\">tel: +420 734 156 216<\/span><\/p><p style=\"text-align: center;\"><span style=\"font-size: 12pt; color: #000000;\">e-mail: <a href=\"mailto:eurotec@eurotec.cz\">eurotec@eurotec.cz<\/a><\/span><\/p><p style=\"text-align: center;\"><span style=\"font-size: 12pt; color: #000000;\">zapsan\u00e1 v obchodn\u00edm rejst\u0159\u00edku u M\u011bstsk\u00e9ho soudu v Praze odd\u00edl B, vlo\u017eka 14720 I\u010c: 261 61 753<\/span><\/p><p style=\"text-align: center;\"><span style=\"font-size: 12pt; color: #000000;\">\u00a0<\/span><\/p><p style=\"text-align: center;\"><span style=\"font-size: 14pt;\"><strong><span style=\"color: #000000;\">Koresponden\u010dn\u00ed adresa:\u00a0<\/span><\/strong><\/span><\/p><p style=\"text-align: center;\"><span style=\"font-size: 12pt; color: #000000;\">Are\u00e1l Eurotec Praha a.s.<\/span><\/p><p style=\"text-align: center;\"><span style=\"color: #000000;\"><span style=\"font-size: 16px;\">Bohunick\u00e1 cesta 775\/8<\/span><\/span><\/p><p style=\"text-align: center;\"><span style=\"color: #000000;\"><span style=\"font-size: 16px;\">664 48 Moravany u Brna<\/span><\/span><\/p>\t\t\t\t\t<\/div>\n\t\t\t\t\t\t<\/div>\n\t\t\t\t<\/div>\n\t\t\t\t\t\t<\/div>\n\t\t\t\t\t<\/div>\n\t\t<\/div>\n\t\t\t\t\t\t\t\t<\/div>\n\t\t\t\t\t<\/div>\n\t\t<\/section>\n\t\t\t\t<section class=\"elementor-section elementor-top-section elementor-element elementor-element-bdbd655 elementor-section-boxed elementor-section-height-default elementor-section-height-default\" data-id=\"bdbd655\" data-element_type=\"section\">\n\t\t\t\t\t\t<div class=\"elementor-container elementor-column-gap-default\">\n\t\t\t\t\t\t\t<div class=\"elementor-row\">\n\t\t\t\t\t<div class=\"elementor-column elementor-col-100 elementor-top-column elementor-element elementor-element-4143d1f\" data-id=\"4143d1f\" data-element_type=\"column\">\n\t\t\t<div class=\"elementor-column-wrap elementor-element-populated\">\n\t\t\t\t\t\t\t<div class=\"elementor-widget-wrap\">\n\t\t\t\t\t\t<div class=\"elementor-element elementor-element-89848bb elementor-widget-divider--view-line elementor-widget elementor-widget-divider\" data-id=\"89848bb\" data-element_type=\"widget\" data-widget_type=\"divider.default\">\n\t\t\t\t<div class=\"elementor-widget-container\">\n\t\t\t\t\t<div class=\"elementor-divider\">\n\t\t\t<span class=\"elementor-divider-separator\">\n\t\t\t\t\t\t<\/span>\n\t\t<\/div>\n\t\t\t\t<\/div>\n\t\t\t\t<\/div>\n\t\t\t\t\t\t<\/div>\n\t\t\t\t\t<\/div>\n\t\t<\/div>\n\t\t\t\t\t\t\t\t<\/div>\n\t\t\t\t\t<\/div>\n\t\t<\/section>\n\t\t\t\t<section class=\"elementor-section elementor-top-section elementor-element elementor-element-r821v6n elementor-section-boxed elementor-section-height-default elementor-section-height-default\" data-id=\"r821v6n\" data-element_type=\"section\">\n\t\t\t\t\t\t<div class=\"elementor-container elementor-column-gap-default\">\n\t\t\t\t\t\t\t<div class=\"elementor-row\">\n\t\t\t\t\t<div class=\"elementor-column elementor-col-33 elementor-top-column elementor-element elementor-element-78y4ozf\" data-id=\"78y4ozf\" data-element_type=\"column\">\n\t\t\t<div class=\"elementor-column-wrap elementor-element-populated\">\n\t\t\t\t\t\t\t<div class=\"elementor-widget-wrap\">\n\t\t\t\t\t\t<div class=\"elementor-element elementor-element-ov53lid elementor-widget elementor-widget-text-editor\" data-id=\"ov53lid\" data-element_type=\"widget\" data-widget_type=\"text-editor.default\">\n\t\t\t\t<div class=\"elementor-widget-container\">\n\t\t\t\t\t\t\t\t<div class=\"elementor-text-editor elementor-clearfix\">\n\t\t\t\t<p style=\"text-align: center;\"><span style=\"font-size: 14pt; color: #000000;\"><strong>Sklad Praha:<\/strong><\/span><\/p><p>\u00a0<\/p><p style=\"text-align: center;\"><span style=\"color: #000000; font-size: 12pt;\">TRANSCONSULT INTERNATIONAL, s.r.o.<\/span><\/p><p style=\"text-align: center;\"><span style=\"color: #000000; font-size: 12pt;\">K Hru\u0161ovu 292\/4<\/span><\/p><p style=\"text-align: center;\"><span style=\"color: #000000; font-size: 12pt;\">102 00 Praha &#8211; \u0160t\u011brboholy<\/span><\/p><p style=\"text-align: center;\"><span style=\"color: #000000; font-size: 12pt;\">GPS: 50.0681997N, 14.5414475E<\/span><\/p>\t\t\t\t\t<\/div>\n\t\t\t\t\t\t<\/div>\n\t\t\t\t<\/div>\n\t\t\t\t\t\t<\/div>\n\t\t\t\t\t<\/div>\n\t\t<\/div>\n\t\t\t\t<div class=\"elementor-column elementor-col-33 elementor-top-column elementor-element elementor-element-oj3t7lx\" data-id=\"oj3t7lx\" data-element_type=\"column\">\n\t\t\t<div class=\"elementor-column-wrap\">\n\t\t\t\t\t\t\t<div class=\"elementor-widget-wrap\">\n\t\t\t\t\t\t\t\t<\/div>\n\t\t\t\t\t<\/div>\n\t\t<\/div>\n\t\t\t\t<div class=\"elementor-column elementor-col-33 elementor-top-column elementor-element elementor-element-ov97hiu\" data-id=\"ov97hiu\" data-element_type=\"column\">\n\t\t\t<div class=\"elementor-column-wrap elementor-element-populated\">\n\t\t\t\t\t\t\t<div class=\"elementor-widget-wrap\">\n\t\t\t\t\t\t<div class=\"elementor-element elementor-element-7550wvt elementor-widget elementor-widget-text-editor\" data-id=\"7550wvt\" data-element_type=\"widget\" data-widget_type=\"text-editor.default\">\n\t\t\t\t<div class=\"elementor-widget-container\">\n\t\t\t\t\t\t\t\t<div class=\"elementor-text-editor elementor-clearfix\">\n\t\t\t\t<p style=\"text-align: center;\"><span style=\"font-size: 14pt; color: #000000;\"><strong>Sklad Brno:<\/strong><\/span><\/p><p>\u00a0<\/p><p style=\"text-align: center;\"><span style=\"font-size: 12pt; color: #000000;\">Are\u00e1l Eurotec Praha a.s.<\/span><\/p><p style=\"text-align: center;\"><span style=\"font-size: 12pt; color: #000000;\">Bohunick\u00e1 cesta 775\/8<\/span><\/p><p style=\"text-align: center;\"><span style=\"font-size: 12pt; color: #000000;\">664 48 Moravany u Brna<\/span><\/p><p style=\"text-align: center;\"><span style=\"font-size: 12pt; color: #000000;\">GPS: 49.1561889N, 16.5834694E<\/span><\/p>\t\t\t\t\t<\/div>\n\t\t\t\t\t\t<\/div>\n\t\t\t\t<\/div>\n\t\t\t\t\t\t<\/div>\n\t\t\t\t\t<\/div>\n\t\t<\/div>\n\t\t\t\t\t\t\t\t<\/div>\n\t\t\t\t\t<\/div>\n\t\t<\/section>\n\t\t\t\t<section class=\"elementor-section elementor-top-section elementor-element elementor-element-wtgmxka elementor-section-boxed elementor-section-height-default elementor-section-height-default\" data-id=\"wtgmxka\" data-element_type=\"section\">\n\t\t\t\t\t\t<div class=\"elementor-container elementor-column-gap-default\">\n\t\t\t\t\t\t\t<div class=\"elementor-row\">\n\t\t\t\t\t<div class=\"elementor-column elementor-col-33 elementor-top-column elementor-element elementor-element-df0253q\" data-id=\"df0253q\" data-element_type=\"column\">\n\t\t\t<div class=\"elementor-column-wrap\">\n\t\t\t\t\t\t\t<div class=\"elementor-widget-wrap\">\n\t\t\t\t\t\t\t\t<\/div>\n\t\t\t\t\t<\/div>\n\t\t<\/div>\n\t\t\t\t<div class=\"elementor-column elementor-col-33 elementor-top-column elementor-element elementor-element-62174s9\" data-id=\"62174s9\" data-element_type=\"column\">\n\t\t\t<div class=\"elementor-column-wrap\">\n\t\t\t\t\t\t\t<div class=\"elementor-widget-wrap\">\n\t\t\t\t\t\t\t\t<\/div>\n\t\t\t\t\t<\/div>\n\t\t<\/div>\n\t\t\t\t<div class=\"elementor-column elementor-col-33 elementor-top-column elementor-element elementor-element-fc18ie2\" data-id=\"fc18ie2\" data-element_type=\"column\">\n\t\t\t<div class=\"elementor-column-wrap\">\n\t\t\t\t\t\t\t<div class=\"elementor-widget-wrap\">\n\t\t\t\t\t\t\t\t<\/div>\n\t\t\t\t\t<\/div>\n\t\t<\/div>\n\t\t\t\t\t\t\t\t<\/div>\n\t\t\t\t\t<\/div>\n\t\t<\/section>\n\t\t\t\t<section class=\"elementor-section elementor-top-section elementor-element elementor-element-1cc99f7 elementor-section-boxed elementor-section-height-default elementor-section-height-default\" data-id=\"1cc99f7\" data-element_type=\"section\">\n\t\t\t\t\t\t<div class=\"elementor-container elementor-column-gap-default\">\n\t\t\t\t\t\t\t<div class=\"elementor-row\">\n\t\t\t\t\t<div class=\"elementor-column elementor-col-100 elementor-top-column elementor-element elementor-element-3339ce5\" data-id=\"3339ce5\" data-element_type=\"column\">\n\t\t\t<div class=\"elementor-column-wrap elementor-element-populated\">\n\t\t\t\t\t\t\t<div class=\"elementor-widget-wrap\">\n\t\t\t\t\t\t<div class=\"elementor-element elementor-element-f26f6a9 elementor-widget-divider--view-line elementor-widget elementor-widget-divider\" data-id=\"f26f6a9\" data-element_type=\"widget\" data-widget_type=\"divider.default\">\n\t\t\t\t<div class=\"elementor-widget-container\">\n\t\t\t\t\t<div class=\"elementor-divider\">\n\t\t\t<span class=\"elementor-divider-separator\">\n\t\t\t\t\t\t<\/span>\n\t\t<\/div>\n\t\t\t\t<\/div>\n\t\t\t\t<\/div>\n\t\t\t\t\t\t<\/div>\n\t\t\t\t\t<\/div>\n\t\t<\/div>\n\t\t\t\t\t\t\t\t<\/div>\n\t\t\t\t\t<\/div>\n\t\t<\/section>\n\t\t\t\t<section class=\"elementor-section elementor-top-section elementor-element elementor-element-r7q3v6i elementor-section-boxed elementor-section-height-default elementor-section-height-default\" data-id=\"r7q3v6i\" data-element_type=\"section\">\n\t\t\t\t\t\t<div class=\"elementor-container elementor-column-gap-default\">\n\t\t\t\t\t\t\t<div class=\"elementor-row\">\n\t\t\t\t\t<div class=\"elementor-column elementor-col-33 elementor-top-column elementor-element elementor-element-xwvwxoz\" data-id=\"xwvwxoz\" data-element_type=\"column\">\n\t\t\t<div class=\"elementor-column-wrap\">\n\t\t\t\t\t\t\t<div class=\"elementor-widget-wrap\">\n\t\t\t\t\t\t\t\t<\/div>\n\t\t\t\t\t<\/div>\n\t\t<\/div>\n\t\t\t\t<div class=\"elementor-column elementor-col-33 elementor-top-column elementor-element elementor-element-lcjxwrr\" data-id=\"lcjxwrr\" data-element_type=\"column\">\n\t\t\t<div class=\"elementor-column-wrap elementor-element-populated\">\n\t\t\t\t\t\t\t<div class=\"elementor-widget-wrap\">\n\t\t\t\t\t\t<div class=\"elementor-element elementor-element-bcynz5v elementor-widget elementor-widget-text-editor\" data-id=\"bcynz5v\" data-element_type=\"widget\" data-widget_type=\"text-editor.default\">\n\t\t\t\t<div class=\"elementor-widget-container\">\n\t\t\t\t\t\t\t\t<div class=\"elementor-text-editor elementor-clearfix\">\n\t\t\t\t<p style=\"text-align: center;\"><strong style=\"color: #000000; font-size: 12pt; font-family: var( --e-global-typography-text-font-family ), Sans-serif; background-color: inherit;\"><span style=\"font-size: 14pt;\">Prokurista<\/span><\/strong><\/p><p style=\"text-align: center;\"><span style=\"font-size: 12pt; color: #000000;\">Luk\u00e1\u0161 V\u00e1vra<\/span><\/p><p style=\"text-align: center;\"><span style=\"font-size: 12pt; color: #000000;\">\u00a0tel: +420 604 211 386<\/span><\/p><p style=\"text-align: center;\"><span style=\"font-size: 12pt; color: #000000;\">e-mail: <a href=\"mailto:lukas.vavra@eurotec.cz\">lukas.vavra@eurotec.cz<\/a><\/span><\/p><p style=\"text-align: center;\"><span style=\"font-size: 14pt;\"><strong><span style=\"color: #000000;\">\u00a0<\/span><\/strong><\/span><b><\/b><span style=\"font-size: 14pt;\"><strong><span style=\"color: #000000;\">\u00a0<\/span><\/strong><\/span><\/p><p style=\"text-align: center;\"><span style=\"font-size: 14pt; color: #000000;\"><strong><span style=\"font-size: 10pt;\"><span style=\"font-size: 14pt;\">Obchodn\u011b technick\u00fd z\u00e1stupce pro region:<\/span><\/span><\/strong><\/span><\/p><p style=\"text-align: center;\"><span style=\"color: #ff0000;\"><strong><span style=\"font-size: 10pt;\"> Jihomoravsk\u00fd kraj, Pardubick\u00fd kraj, Kr\u00e1lovehradeck\u00fd kraj, Kraj Vyso\u010dina,\u00a0 St\u0159edo\u010desk\u00fd kraj, Jiho\u010desk\u00fd kraj.<\/span><\/strong><\/span><\/p><p style=\"text-align: center;\"><span style=\"font-size: 14pt;\"><strong><span style=\"color: #000000;\">\u00a0<\/span><\/strong><\/span><span style=\"color: #000000; font-size: 12pt; font-family: var( --e-global-typography-text-font-family ), Sans-serif; background-color: inherit;\">Jakub V\u00e1vra<\/span><\/p><p style=\"font-size: 16.896px; text-align: center;\"><span style=\"font-size: 12pt; color: #000000;\">tel: +420 774 002 246<\/span><\/p><p style=\"font-size: 16.896px; text-align: center;\"><span style=\"font-size: 12pt; color: #000000;\">e-mail:\u00a0<a href=\"mailto:josef.dolansky@eurotec.cz\">jakub.vavra@eurotec.cz<\/a><\/span><\/p><p style=\"text-align: center;\"><span style=\"font-size: 14pt; color: #000000;\"><strong><span style=\"font-size: 10pt;\"><span style=\"font-size: 14pt;\">\u00a0<\/span><\/span><\/strong><\/span><\/p><p style=\"text-align: center;\"><span style=\"font-size: 14pt; color: #000000;\"><strong><span style=\"font-size: 10pt;\"><span style=\"font-size: 14pt;\">Obchodn\u00ed z\u00e1stupce pro region:<\/span><\/span><\/strong><\/span><\/p><p style=\"text-align: center;\"><strong><span style=\"font-size: 14pt; color: #ff0000;\"><span style=\"font-size: 10pt;\"> Zl\u00ednsk\u00fd, Olomouck\u00fd a Moravskoslezsk\u00fd\u00a0kraj.<\/span><\/span><\/strong><\/p><p style=\"text-align: center;\"><span style=\"font-size: 14pt;\"><strong><span style=\"color: #000000;\">\u00a0<\/span><\/strong><\/span><span style=\"color: #000000; font-size: 12pt; font-family: var( --e-global-typography-text-font-family ), Sans-serif; font-weight: var( --e-global-typography-text-font-weight ); background-color: inherit;\">Ing. Pavel Hol\u00edk<\/span><\/p><p style=\"font-size: 16.896px; text-align: center;\"><span style=\"font-size: 12pt; color: #000000;\">tel: +420 736 217 780<\/span><\/p><p style=\"font-size: 16.896px; text-align: center;\"><span style=\"font-size: 12pt; color: #000000;\">e-mail: <a href=\"mailto:josef.dolansky@eurotec.cz\">pavel.holik@eurotec.cz<\/a><\/span><\/p><p style=\"text-align: center;\"><span style=\"font-size: 14pt; color: #000000;\"><strong>\u00a0<\/strong><\/span><\/p><p style=\"text-align: center;\"><span style=\"font-size: 14pt; color: #000000;\"><strong>Obchodn\u00ed z\u00e1stupce a specialista\u00a0<\/strong><\/span><\/p><p style=\"text-align: center;\"><span style=\"font-size: 14pt; color: #000000;\"><strong>na izolace silni\u010dn\u00edch a \u017eelezni\u010dn\u00edch most\u016f<\/strong><\/span><\/p><p style=\"text-align: center;\"><span style=\"font-size: 12pt; color: #000000;\">Gabriela Bryczov\u00e1<\/span><\/p><p style=\"text-align: center;\"><span style=\"font-size: 12pt; color: #000000;\">\u00a0tel: +420 604 211 384<\/span><\/p><p style=\"text-align: center;\"><span style=\"font-size: 12pt; color: #000000;\">e-mail: <a href=\"mailto:gabriela.bryczova@eurotec.cz\">gabriela.bryczova@eurotec.cz<\/a><\/span><\/p><p style=\"text-align: center;\"><strong style=\"color: var( --e-global-color-text ); font-family: var( --e-global-typography-text-font-family ), Sans-serif; background-color: inherit; font-size: 14pt;\"><span style=\"color: #000000;\">\u00a0<\/span><\/strong><\/p><p style=\"text-align: center;\"><span style=\"font-family: var( --e-global-typography-text-font-family ), Sans-serif; background-color: inherit; color: #000000; font-weight: bold; font-size: 14pt;\">Technick\u00e9 poradenstv\u00ed<\/span><\/p><p style=\"text-align: center;\"><span style=\"font-size: 12pt; color: #000000;\">Lubomil Dan\u011b\u010dek<\/span><\/p><p style=\"text-align: center;\"><span style=\"font-size: 12pt; color: #000000;\">tel: +420 602 732 014\u00a0<\/span><\/p><p style=\"text-align: center;\"><span style=\"font-size: 12pt; color: #000000;\">e-mail:\u00a0<a href=\"mailto:josef.dolansky@eurotec.cz\">lubomil.danecek@eurotec.cz<\/a><\/span><\/p><p style=\"text-align: center;\"><span style=\"background-color: inherit; font-size: 14pt;\"><strong><span style=\"color: #000000;\">\u00a0<\/span><\/strong><\/span><\/p><p style=\"text-align: center;\"><span style=\"color: #000000;\"><strong style=\"background-color: inherit; font-size: 14pt;\">Kancel\u00e1\u0159<\/strong><\/span><\/p><p style=\"text-align: center;\"><span style=\"color: #000000; font-size: 16px;\">Veronika Effenbergerov\u00e1 Rozsypalov\u00e1<\/span><\/p><p style=\"text-align: center;\"><span style=\"color: #000000; font-size: 12pt;\">tel.: +420 734 156 216<\/span><\/p><p style=\"text-align: center;\"><span style=\"color: #000000; font-size: 12pt;\">e-mail:\u00a0<a href=\"mailto:info@eurotec.cz\">info@eurotec.cz<\/a><\/span><\/p><p style=\"text-align: center;\"><span style=\"font-size: 12pt; color: #000000;\">tel.: +420 773 521 138<\/span><\/p><p style=\"text-align: center;\"><span style=\"font-size: 12pt; color: #000000;\">e-<\/span><span style=\"color: #000000; font-size: 12pt; background-color: inherit;\">mail: <\/span><a style=\"font-size: 12pt;\" href=\"mailto:odbyt@eurotec.cz\">odbyt@eurotec.cz<\/a><\/p><p style=\"text-align: center;\">\u00a0&#8211;<\/p>\t\t\t\t\t<\/div>\n\t\t\t\t\t\t<\/div>\n\t\t\t\t<\/div>\n\t\t\t\t\t\t<\/div>\n\t\t\t\t\t<\/div>\n\t\t<\/div>\n\t\t\t\t<div class=\"elementor-column elementor-col-33 elementor-top-column elementor-element elementor-element-tbgw8ez\" data-id=\"tbgw8ez\" data-element_type=\"column\">\n\t\t\t<div class=\"elementor-column-wrap\">\n\t\t\t\t\t\t\t<div class=\"elementor-widget-wrap\">\n\t\t\t\t\t\t\t\t<\/div>\n\t\t\t\t\t<\/div>\n\t\t<\/div>\n\t\t\t\t\t\t\t\t<\/div>\n\t\t\t\t\t<\/div>\n\t\t<\/section>\n\t\t\t\t<section class=\"elementor-section elementor-top-section elementor-element elementor-element-8f1enis elementor-section-boxed elementor-section-height-default elementor-section-height-default\" data-id=\"8f1enis\" data-element_type=\"section\">\n\t\t\t\t\t\t<div class=\"elementor-container elementor-column-gap-default\">\n\t\t\t\t\t\t\t<div class=\"elementor-row\">\n\t\t\t\t\t<div class=\"elementor-column elementor-col-33 elementor-top-column elementor-element elementor-element-ju3wlc4\" data-id=\"ju3wlc4\" data-element_type=\"column\">\n\t\t\t<div class=\"elementor-column-wrap elementor-element-populated\">\n\t\t\t\t\t\t\t<div class=\"elementor-widget-wrap\">\n\t\t\t\t\t\t<div class=\"elementor-element elementor-element-12vlj3a elementor-widget elementor-widget-text-editor\" data-id=\"12vlj3a\" data-element_type=\"widget\" data-widget_type=\"text-editor.default\">\n\t\t\t\t<div class=\"elementor-widget-container\">\n\t\t\t\t\t\t\t\t<div class=\"elementor-text-editor elementor-clearfix\">\n\t\t\t\t\t\t\t\t\t<\/div>\n\t\t\t\t\t\t<\/div>\n\t\t\t\t<\/div>\n\t\t\t\t\t\t<\/div>\n\t\t\t\t\t<\/div>\n\t\t<\/div>\n\t\t\t\t<div class=\"elementor-column elementor-col-33 elementor-top-column elementor-element elementor-element-d2ych9g\" data-id=\"d2ych9g\" data-element_type=\"column\">\n\t\t\t<div class=\"elementor-column-wrap\">\n\t\t\t\t\t\t\t<div class=\"elementor-widget-wrap\">\n\t\t\t\t\t\t\t\t<\/div>\n\t\t\t\t\t<\/div>\n\t\t<\/div>\n\t\t\t\t<div class=\"elementor-column elementor-col-33 elementor-top-column elementor-element elementor-element-zjl9lea\" data-id=\"zjl9lea\" data-element_type=\"column\">\n\t\t\t<div class=\"elementor-column-wrap\">\n\t\t\t\t\t\t\t<div class=\"elementor-widget-wrap\">\n\t\t\t\t\t\t\t\t<\/div>\n\t\t\t\t\t<\/div>\n\t\t<\/div>\n\t\t\t\t\t\t\t\t<\/div>\n\t\t\t\t\t<\/div>\n\t\t<\/section>\n\t\t\t\t\t\t<\/div>\n\t\t\t\t\t\t<\/div>\n\t\t\t\t\t<\/div>\n\t\t","protected":false},"excerpt":{"rendered":"<p>Spole\u010dnost Eurotec Praha a.s. je V\u00e1m prost\u0159ednictv\u00edm sv\u00fdch obchodn\u00edch z\u00e1stupc\u016f k dispozici po cel\u00e9m \u00fazem\u00ed \u010cR. \u00a0 S\u00eddlo spole\u010dnosti Eurotec Praha a.s.: \u0160kroupovo n\u00e1m\u011bst\u00ed 1255\/9 130 00, Praha 3 tel: +420 734 156 216 e-mail: eurotec@eurotec.cz zapsan\u00e1 v obchodn\u00edm rejst\u0159\u00edku u M\u011bstsk\u00e9ho soudu v Praze odd\u00edl B, vlo\u017eka 14720 I\u010c: 261 61 753 \u00a0 Koresponden\u010dn\u00ed [&hellip;]<\/p>\n","protected":false},"author":1,"featured_media":0,"parent":0,"menu_order":0,"comment_status":"closed","ping_status":"closed","template":"","meta":[],"_links":{"self":[{"href":"https:\/\/eurotec.cz\/cs\/wp-json\/wp\/v2\/pages\/41"}],"collection":[{"href":"https:\/\/eurotec.cz\/cs\/wp-json\/wp\/v2\/pages"}],"about":[{"href":"https:\/\/eurotec.cz\/cs\/wp-json\/wp\/v2\/types\/page"}],"author":[{"embeddable":true,"href":"https:\/\/eurotec.cz\/cs\/wp-json\/wp\/v2\/users\/1"}],"replies":[{"embeddable":true,"href":"https:\/\/eurotec.cz\/cs\/wp-json\/wp\/v2\/comments?post=41"}],"version-history":[{"count":149,"href":"https:\/\/eurotec.cz\/cs\/wp-json\/wp\/v2\/pages\/41\/revisions"}],"predecessor-version":[{"id":2769,"href":"https:\/\/eurotec.cz\/cs\/wp-json\/wp\/v2\/pages\/41\/revisions\/2769"}],"wp:attachment":[{"href":"https:\/\/eurotec.cz\/cs\/wp-json\/wp\/v2\/media?parent=41"}],"curies":[{"name":"wp","href":"https:\/\/api.w.org\/{rel}","templated":true}]}}