{"id":448,"date":"2017-09-20T17:13:10","date_gmt":"2017-09-20T15:13:10","guid":{"rendered":"http:\/\/eurotec.czcs\/?page_id=448"},"modified":"2021-12-08T19:39:04","modified_gmt":"2021-12-08T18:39:04","slug":"probihajici-realizace","status":"publish","type":"page","link":"https:\/\/eurotec.cz\/cs\/reference\/probihajici-realizace\/","title":{"rendered":"PROB\u00cdHAJ\u00cdC\u00cd REALIZACE"},"content":{"rendered":"\t\t<div data-elementor-type=\"wp-post\" data-elementor-id=\"448\" class=\"elementor elementor-448\" data-elementor-settings=\"[]\">\n\t\t\t\t\t\t<div class=\"elementor-inner\">\n\t\t\t\t\t\t\t<div class=\"elementor-section-wrap\">\n\t\t\t\t\t\t\t<section class=\"elementor-section elementor-top-section elementor-element elementor-element-f923bae elementor-section-boxed elementor-section-height-default elementor-section-height-default\" data-id=\"f923bae\" data-element_type=\"section\">\n\t\t\t\t\t\t<div class=\"elementor-container elementor-column-gap-default\">\n\t\t\t\t\t\t\t<div class=\"elementor-row\">\n\t\t\t\t\t<div class=\"elementor-column elementor-col-33 elementor-top-column elementor-element elementor-element-97ffb07\" data-id=\"97ffb07\" data-element_type=\"column\">\n\t\t\t<div class=\"elementor-column-wrap elementor-element-populated\">\n\t\t\t\t\t\t\t<div class=\"elementor-widget-wrap\">\n\t\t\t\t\t\t<div class=\"elementor-element elementor-element-1c43456 elementor-widget elementor-widget-text-editor\" data-id=\"1c43456\" data-element_type=\"widget\" data-widget_type=\"text-editor.default\">\n\t\t\t\t<div class=\"elementor-widget-container\">\n\t\t\t\t\t\t\t\t<div class=\"elementor-text-editor elementor-clearfix\">\n\t\t\t\t<p style=\"text-align: left;\"><span style=\"color: #000000; font-size: 16.896px;\">Kummer Hrad\u010dovice &#8211; v\u00fdrobn\u00ed a skladov\u00e9 prostory<\/span><\/p>\t\t\t\t\t<\/div>\n\t\t\t\t\t\t<\/div>\n\t\t\t\t<\/div>\n\t\t\t\t\t\t<\/div>\n\t\t\t\t\t<\/div>\n\t\t<\/div>\n\t\t\t\t<div class=\"elementor-column elementor-col-66 elementor-top-column elementor-element elementor-element-196a4f7\" data-id=\"196a4f7\" data-element_type=\"column\">\n\t\t\t<div class=\"elementor-column-wrap elementor-element-populated\">\n\t\t\t\t\t\t\t<div class=\"elementor-widget-wrap\">\n\t\t\t\t\t\t<div class=\"elementor-element elementor-element-4933c45 elementor-widget elementor-widget-image\" data-id=\"4933c45\" data-element_type=\"widget\" data-widget_type=\"image.default\">\n\t\t\t\t<div class=\"elementor-widget-container\">\n\t\t\t\t\t\t\t\t<div class=\"elementor-image\">\n\t\t\t\t\t\t\t\t\t\t\t\t<img width=\"300\" height=\"225\" src=\"https:\/\/eurotec.cz\/wp-content\/uploads\/2021\/12\/20211105_093731-1-300x225.jpg\" class=\"attachment-medium size-medium\" alt=\"\" loading=\"lazy\" srcset=\"https:\/\/eurotec.cz\/wp-content\/uploads\/2021\/12\/20211105_093731-1-300x225.jpg 300w, https:\/\/eurotec.cz\/wp-content\/uploads\/2021\/12\/20211105_093731-1-1024x768.jpg 1024w, https:\/\/eurotec.cz\/wp-content\/uploads\/2021\/12\/20211105_093731-1-768x576.jpg 768w, https:\/\/eurotec.cz\/wp-content\/uploads\/2021\/12\/20211105_093731-1-1536x1152.jpg 1536w, https:\/\/eurotec.cz\/wp-content\/uploads\/2021\/12\/20211105_093731-1-2048x1536.jpg 2048w, https:\/\/eurotec.cz\/wp-content\/uploads\/2021\/12\/20211105_093731-1-570x428.jpg 570w\" sizes=\"(max-width: 300px) 100vw, 300px\" \/>\t\t\t\t\t\t\t\t\t\t\t\t\t\t<\/div>\n\t\t\t\t\t\t<\/div>\n\t\t\t\t<\/div>\n\t\t\t\t\t\t<\/div>\n\t\t\t\t\t<\/div>\n\t\t<\/div>\n\t\t\t\t\t\t\t\t<\/div>\n\t\t\t\t\t<\/div>\n\t\t<\/section>\n\t\t\t\t<section class=\"elementor-section elementor-top-section elementor-element elementor-element-f3897b7 elementor-section-boxed elementor-section-height-default elementor-section-height-default\" data-id=\"f3897b7\" data-element_type=\"section\">\n\t\t\t\t\t\t<div class=\"elementor-container elementor-column-gap-default\">\n\t\t\t\t\t\t\t<div class=\"elementor-row\">\n\t\t\t\t\t<div class=\"elementor-column elementor-col-66 elementor-top-column elementor-element elementor-element-16112ca\" data-id=\"16112ca\" data-element_type=\"column\">\n\t\t\t<div class=\"elementor-column-wrap elementor-element-populated\">\n\t\t\t\t\t\t\t<div class=\"elementor-widget-wrap\">\n\t\t\t\t\t\t<div class=\"elementor-element elementor-element-26f20f2 elementor-widget elementor-widget-text-editor\" data-id=\"26f20f2\" data-element_type=\"widget\" data-widget_type=\"text-editor.default\">\n\t\t\t\t<div class=\"elementor-widget-container\">\n\t\t\t\t\t\t\t\t<div class=\"elementor-text-editor elementor-clearfix\">\n\t\t\t\t<p><span style=\"color: #000000;\">BD \u010cesk\u00e9 Bud\u011bjovice &#8211; rekonstrukce st\u0159echy, nov\u00e9 asfaltov\u00e9 p\u00e1sy IKO CARRARA F<\/span><\/p>\t\t\t\t\t<\/div>\n\t\t\t\t\t\t<\/div>\n\t\t\t\t<\/div>\n\t\t\t\t\t\t<\/div>\n\t\t\t\t\t<\/div>\n\t\t<\/div>\n\t\t\t\t<div class=\"elementor-column elementor-col-33 elementor-top-column elementor-element elementor-element-533ec36\" data-id=\"533ec36\" data-element_type=\"column\">\n\t\t\t<div class=\"elementor-column-wrap elementor-element-populated\">\n\t\t\t\t\t\t\t<div class=\"elementor-widget-wrap\">\n\t\t\t\t\t\t<div class=\"elementor-element elementor-element-061e008 elementor-widget elementor-widget-image\" data-id=\"061e008\" data-element_type=\"widget\" data-widget_type=\"image.default\">\n\t\t\t\t<div class=\"elementor-widget-container\">\n\t\t\t\t\t\t\t\t<div class=\"elementor-image\">\n\t\t\t\t\t\t\t\t\t\t\t\t<img width=\"300\" height=\"225\" src=\"https:\/\/eurotec.cz\/wp-content\/uploads\/2021\/12\/1-300x225.jpg\" class=\"attachment-medium size-medium\" alt=\"\" loading=\"lazy\" srcset=\"https:\/\/eurotec.cz\/wp-content\/uploads\/2021\/12\/1-300x225.jpg 300w, https:\/\/eurotec.cz\/wp-content\/uploads\/2021\/12\/1-1024x768.jpg 1024w, https:\/\/eurotec.cz\/wp-content\/uploads\/2021\/12\/1-768x576.jpg 768w, https:\/\/eurotec.cz\/wp-content\/uploads\/2021\/12\/1-1536x1152.jpg 1536w, https:\/\/eurotec.cz\/wp-content\/uploads\/2021\/12\/1-2048x1536.jpg 2048w, https:\/\/eurotec.cz\/wp-content\/uploads\/2021\/12\/1-570x428.jpg 570w\" sizes=\"(max-width: 300px) 100vw, 300px\" \/>\t\t\t\t\t\t\t\t\t\t\t\t\t\t<\/div>\n\t\t\t\t\t\t<\/div>\n\t\t\t\t<\/div>\n\t\t\t\t\t\t<\/div>\n\t\t\t\t\t<\/div>\n\t\t<\/div>\n\t\t\t\t\t\t\t\t<\/div>\n\t\t\t\t\t<\/div>\n\t\t<\/section>\n\t\t\t\t\t\t<\/div>\n\t\t\t\t\t\t<\/div>\n\t\t\t\t\t<\/div>\n\t\t","protected":false},"excerpt":{"rendered":"<p>Kummer Hrad\u010dovice &#8211; v\u00fdrobn\u00ed a skladov\u00e9 prostory BD \u010cesk\u00e9 Bud\u011bjovice &#8211; rekonstrukce st\u0159echy, nov\u00e9 asfaltov\u00e9 p\u00e1sy IKO CARRARA F<\/p>\n","protected":false},"author":1,"featured_media":0,"parent":43,"menu_order":0,"comment_status":"closed","ping_status":"closed","template":"","meta":[],"_links":{"self":[{"href":"https:\/\/eurotec.cz\/cs\/wp-json\/wp\/v2\/pages\/448"}],"collection":[{"href":"https:\/\/eurotec.cz\/cs\/wp-json\/wp\/v2\/pages"}],"about":[{"href":"https:\/\/eurotec.cz\/cs\/wp-json\/wp\/v2\/types\/page"}],"author":[{"embeddable":true,"href":"https:\/\/eurotec.cz\/cs\/wp-json\/wp\/v2\/users\/1"}],"replies":[{"embeddable":true,"href":"https:\/\/eurotec.cz\/cs\/wp-json\/wp\/v2\/comments?post=448"}],"version-history":[{"count":38,"href":"https:\/\/eurotec.cz\/cs\/wp-json\/wp\/v2\/pages\/448\/revisions"}],"predecessor-version":[{"id":2661,"href":"https:\/\/eurotec.cz\/cs\/wp-json\/wp\/v2\/pages\/448\/revisions\/2661"}],"up":[{"embeddable":true,"href":"https:\/\/eurotec.cz\/cs\/wp-json\/wp\/v2\/pages\/43"}],"wp:attachment":[{"href":"https:\/\/eurotec.cz\/cs\/wp-json\/wp\/v2\/media?parent=448"}],"curies":[{"name":"wp","href":"https:\/\/api.w.org\/{rel}","templated":true}]}}