{"id":87,"date":"2017-07-15T21:53:04","date_gmt":"2017-07-15T19:53:04","guid":{"rendered":"http:\/\/eurotec.cz?page_id=87"},"modified":"2019-01-23T21:48:18","modified_gmt":"2019-01-23T20:48:18","slug":"o-nas","status":"publish","type":"page","link":"https:\/\/eurotec.cz\/cs\/o-nas\/","title":{"rendered":"O N\u00c1S"},"content":{"rendered":"\t\t<div data-elementor-type=\"wp-page\" data-elementor-id=\"87\" class=\"elementor elementor-87 elementor-bc-flex-widget\" data-elementor-settings=\"[]\">\n\t\t\t\t\t\t<div class=\"elementor-inner\">\n\t\t\t\t\t\t\t<div class=\"elementor-section-wrap\">\n\t\t\t\t\t\t\t<section class=\"elementor-section elementor-top-section elementor-element elementor-element-zt7xxzb elementor-section-boxed elementor-section-height-default elementor-section-height-default\" data-id=\"zt7xxzb\" data-element_type=\"section\">\n\t\t\t\t\t\t<div class=\"elementor-container elementor-column-gap-default\">\n\t\t\t\t\t\t\t<div class=\"elementor-row\">\n\t\t\t\t\t<div class=\"elementor-column elementor-col-50 elementor-top-column elementor-element elementor-element-vdr311o\" data-id=\"vdr311o\" data-element_type=\"column\">\n\t\t\t<div class=\"elementor-column-wrap elementor-element-populated\">\n\t\t\t\t\t\t\t<div class=\"elementor-widget-wrap\">\n\t\t\t\t\t\t<div class=\"elementor-element elementor-element-pwypfbr elementor-widget elementor-widget-text-editor\" data-id=\"pwypfbr\" data-element_type=\"widget\" data-widget_type=\"text-editor.default\">\n\t\t\t\t<div class=\"elementor-widget-container\">\n\t\t\t\t\t\t\t\t<div class=\"elementor-text-editor elementor-clearfix\">\n\t\t\t\t<p><span style=\"font-size: 12pt; background-color: #ffffff; color: #000000;\"><strong>KDO\u00a0 JSME:<\/strong><\/span><\/p><ul><li><span style=\"font-size: 12pt; background-color: #ffffff; color: #000000;\">ryze \u010deskou obchodn\u00ed spole\u010dnost\u00ed (spole\u010dnost s\u00a0r.o. se p\u0159etransformovala na akciovou spole\u010dnost)<\/span><\/li><li><span style=\"font-size: 12pt; background-color: #ffffff; color: #000000;\">firma s\u00a0dlouholetou tradic\u00ed v\u00a0oboru stavebn\u00edch materi\u00e1l\u016f<\/span><\/li><li><span style=\"font-size: 12pt; background-color: #ffffff; color: #000000;\">na\u0161i z\u00e1stupci pracuj\u00ed a sb\u00edraj\u00ed zku\u0161enosti ve\u00a0stavebnictv\u00ed ji\u017e v\u00edce ne\u017e 20 let<\/span><\/li><li><span style=\"font-size: 12pt; background-color: #ffffff; color: #000000;\">preferujeme spolehlivost, d\u016fslednost &#8211; vyu\u017e\u00edv\u00e1me a prosazujeme zku\u0161enosti nabyt\u00e9 z\u00a0praxe<\/span><\/li><li><span style=\"font-size: 12pt; background-color: #ffffff; color: #000000;\">podporujeme inovace a nov\u00e9 technologie v\u00a0oboru izolac\u00ed a hydroizolac\u00ed v\u0161ech druh\u016f staveb<\/span><\/li><li><span style=\"font-size: 12pt; background-color: #ffffff; color: #000000;\">p\u016fsob\u00edme po cel\u00e9 \u010cesk\u00e9 republice, ale i na Slovensku<\/span><\/li><\/ul><p><span style=\"font-size: 12pt; color: #000000;\"><strong><span style=\"background-color: #ffffff;\">\u00a0<\/span><\/strong><\/span><\/p><p><span style=\"font-size: 12pt; color: #000000;\"><strong><span style=\"background-color: #ffffff;\">CO V\u00c1M M\u016e\u017dEME NAB\u00cdDNOUT :<\/span><\/strong><\/span><\/p><ul><li><span style=\"font-size: 12pt;\"><span style=\"background-color: #ffffff; color: #000000;\">prodej a distribuci kvalitn\u00edch stavebn\u00edch materi\u00e1l\u016f v\u010detn\u011b dopl\u0148k\u016f <\/span><span style=\"background-color: #ffffff; color: #000000;\">(izolace, hydroizolace, tekut\u00e9 izolace a sana\u010dn\u00ed n\u00e1t\u011bry, tepeln\u00e9 izolace, kotevn\u00ed technika, poplastovan\u00e9 plechy a prvky, odvodn\u011bn\u00ed, \u2026 aj.)<\/span><\/span><\/li><li><span style=\"font-size: 12pt; background-color: #ffffff; color: #000000;\">bezplatn\u00fd odborn\u00fd poradensk\u00fd servis p\u0159i n\u00e1vrhu a \u0159e\u0161en\u00ed staveb nejen aplika\u010dn\u00edm firm\u00e1m, ale i projek\u010dn\u00edm kancel\u00e1\u0159\u00edm a investor\u016fm<\/span><\/li><li><span style=\"font-size: 12pt; background-color: #ffffff; color: #000000;\">pro\u0161kolen\u00ed zam\u011bstnanc\u016f, izolat\u00e9r\u016f, stavebn\u00edk\u016f, vedouc\u00edch pracovn\u00edk\u016f<\/span><\/li><li><span style=\"font-size: 12pt; background-color: #ffffff; color: #000000;\">posuzov\u00e1n\u00ed st\u00e1vaj\u00edc\u00edch izolac\u00ed a hydroizolac\u00ed, skladeb st\u0159ech, teras, parkovi\u0161\u0165, spodn\u00edch izolac\u00ed staveb, budov, objekt\u016f a navrhov\u00e1n\u00ed opravn\u00fdch \u0159e\u0161en\u00ed<\/span><\/li><li><span style=\"font-size: 12pt; background-color: #ffffff; color: #000000;\">prov\u00e1d\u011bn\u00ed kontroln\u00edch odb\u011br\u016f vzork\u016f\/sond st\u00e1vaj\u00edc\u00edch skladeb konstrukc\u00ed<\/span><\/li><li><span style=\"font-size: 12pt; background-color: #ffffff; color: #000000;\">ve\u0161ker\u00fd servis podporuj\u00edc\u00ed prodeje a n\u00e1vozy materi\u00e1l\u016f staveb<\/span><\/li><\/ul>\t\t\t\t\t<\/div>\n\t\t\t\t\t\t<\/div>\n\t\t\t\t<\/div>\n\t\t\t\t\t\t<\/div>\n\t\t\t\t\t<\/div>\n\t\t<\/div>\n\t\t\t\t<div class=\"elementor-column elementor-col-50 elementor-top-column elementor-element elementor-element-b7ad209\" data-id=\"b7ad209\" data-element_type=\"column\">\n\t\t\t<div class=\"elementor-column-wrap elementor-element-populated\">\n\t\t\t\t\t\t\t<div class=\"elementor-widget-wrap\">\n\t\t\t\t\t\t<div class=\"elementor-element elementor-element-59a22bb elementor-widget elementor-widget-wp-widget-category-posts\" data-id=\"59a22bb\" data-element_type=\"widget\" data-widget_type=\"wp-widget-category-posts.default\">\n\t\t\t\t<div class=\"elementor-widget-container\">\n\t\t\t<h5><a href=\"https:\/\/eurotec.cz\/cs\/category\/aktuality\/\">Aktuality<\/a><\/h5><ul id=\"category-posts-REPLACE_TO_ID-internal\" class=\"category-posts-internal\">\n<li class='cat-post-item'><div><a class=\"cat-post-title\" href=\"https:\/\/eurotec.cz\/cs\/reseni-pro-strechy-s-pozadavkem-pozarni-odolnosti-nahrada-za-mineralni-vatu\/\" rel=\"bookmark\">\u0158e\u0161en\u00ed pro st\u0159echy s po\u017eadavkem po\u017e\u00e1rn\u00ed odolnosti, n\u00e1hrada za miner\u00e1ln\u00ed vatu.<\/a><\/div><\/li><li class='cat-post-item'><div><a class=\"cat-post-title\" href=\"https:\/\/eurotec.cz\/cs\/eurotec-hydroizolacni-systemy-pro-cistejsi-a-zdravejsi-ovzdusi\/\" rel=\"bookmark\">Eurotec &#8211; hydroizola\u010dn\u00ed syst\u00e9my pro \u010dist\u011bj\u0161\u00ed a zdrav\u011bj\u0161\u00ed ovzdu\u0161\u00ed.<\/a><\/div><\/li><li class='cat-post-item'><div><a class=\"cat-post-title\" href=\"https:\/\/eurotec.cz\/cs\/nova-korespondencni-adresa\/\" rel=\"bookmark\">Nov\u00e1 koresponden\u010dn\u00ed adresa<\/a><\/div><\/li><\/ul>\n\t\t<\/div>\n\t\t\t\t<\/div>\n\t\t\t\t\t\t<\/div>\n\t\t\t\t\t<\/div>\n\t\t<\/div>\n\t\t\t\t\t\t\t\t<\/div>\n\t\t\t\t\t<\/div>\n\t\t<\/section>\n\t\t\t\t\t\t<\/div>\n\t\t\t\t\t\t<\/div>\n\t\t\t\t\t<\/div>\n\t\t","protected":false},"excerpt":{"rendered":"<p>KDO\u00a0 JSME: ryze \u010deskou obchodn\u00ed spole\u010dnost\u00ed (spole\u010dnost s\u00a0r.o. se p\u0159etransformovala na akciovou spole\u010dnost) firma s\u00a0dlouholetou tradic\u00ed v\u00a0oboru stavebn\u00edch materi\u00e1l\u016f na\u0161i z\u00e1stupci pracuj\u00ed a sb\u00edraj\u00ed zku\u0161enosti ve\u00a0stavebnictv\u00ed ji\u017e v\u00edce ne\u017e 20 let preferujeme spolehlivost, d\u016fslednost &#8211; vyu\u017e\u00edv\u00e1me a prosazujeme zku\u0161enosti nabyt\u00e9 z\u00a0praxe podporujeme inovace a nov\u00e9 technologie v\u00a0oboru izolac\u00ed a hydroizolac\u00ed v\u0161ech druh\u016f staveb p\u016fsob\u00edme po [&hellip;]<\/p>\n","protected":false},"author":1,"featured_media":0,"parent":0,"menu_order":0,"comment_status":"closed","ping_status":"closed","template":"custom-page.php","meta":[],"_links":{"self":[{"href":"https:\/\/eurotec.cz\/cs\/wp-json\/wp\/v2\/pages\/87"}],"collection":[{"href":"https:\/\/eurotec.cz\/cs\/wp-json\/wp\/v2\/pages"}],"about":[{"href":"https:\/\/eurotec.cz\/cs\/wp-json\/wp\/v2\/types\/page"}],"author":[{"embeddable":true,"href":"https:\/\/eurotec.cz\/cs\/wp-json\/wp\/v2\/users\/1"}],"replies":[{"embeddable":true,"href":"https:\/\/eurotec.cz\/cs\/wp-json\/wp\/v2\/comments?post=87"}],"version-history":[{"count":52,"href":"https:\/\/eurotec.cz\/cs\/wp-json\/wp\/v2\/pages\/87\/revisions"}],"predecessor-version":[{"id":2089,"href":"https:\/\/eurotec.cz\/cs\/wp-json\/wp\/v2\/pages\/87\/revisions\/2089"}],"wp:attachment":[{"href":"https:\/\/eurotec.cz\/cs\/wp-json\/wp\/v2\/media?parent=87"}],"curies":[{"name":"wp","href":"https:\/\/api.w.org\/{rel}","templated":true}]}}