{"id":141,"date":"2017-07-16T00:08:04","date_gmt":"2017-07-15T22:08:04","guid":{"rendered":"http:\/\/eurotec.cz?page_id=141"},"modified":"2019-03-04T22:43:20","modified_gmt":"2019-03-04T21:43:20","slug":"doplnky","status":"publish","type":"page","link":"https:\/\/eurotec.cz\/en\/produkty\/doplnky\/","title":{"rendered":"DOPL\u0147KY IZOLA\u010cN\u00cdCH SYST\u00c9M\u016e"},"content":{"rendered":"\t\t<div data-elementor-type=\"wp-post\" data-elementor-id=\"141\" class=\"elementor elementor-141 elementor-bc-flex-widget\" data-elementor-settings=\"[]\">\n\t\t\t\t\t\t<div class=\"elementor-inner\">\n\t\t\t\t\t\t\t<div class=\"elementor-section-wrap\">\n\t\t\t\t\t\t\t<section class=\"elementor-section elementor-top-section elementor-element elementor-element-nmaybpu elementor-section-boxed elementor-section-height-default elementor-section-height-default\" data-id=\"nmaybpu\" data-element_type=\"section\">\n\t\t\t\t\t\t<div class=\"elementor-container elementor-column-gap-default\">\n\t\t\t\t\t\t\t<div class=\"elementor-row\">\n\t\t\t\t\t<div class=\"elementor-column elementor-col-50 elementor-top-column elementor-element elementor-element-hxqnxzh\" data-id=\"hxqnxzh\" data-element_type=\"column\">\n\t\t\t<div class=\"elementor-column-wrap elementor-element-populated\">\n\t\t\t\t\t\t\t<div class=\"elementor-widget-wrap\">\n\t\t\t\t\t\t<div class=\"elementor-element elementor-element-yzhxqbv elementor-widget elementor-widget-text-editor\" data-id=\"yzhxqbv\" data-element_type=\"widget\" data-widget_type=\"text-editor.default\">\n\t\t\t\t<div class=\"elementor-widget-container\">\n\t\t\t\t\t\t\t\t<div class=\"elementor-text-editor elementor-clearfix\">\n\t\t\t\t<p><img loading=\"lazy\" class=\"aligncenter size-full wp-image-1377\" src=\"http:\/\/eurotec.cz.10-48-0-10.flexcloud.cz\/wp-content\/uploads\/2017\/12\/800.jpg\" alt=\"\" width=\"150\" height=\"112\" \/><\/p>\t\t\t\t\t<\/div>\n\t\t\t\t\t\t<\/div>\n\t\t\t\t<\/div>\n\t\t\t\t\t\t<\/div>\n\t\t\t\t\t<\/div>\n\t\t<\/div>\n\t\t\t\t<div class=\"elementor-column elementor-col-50 elementor-top-column elementor-element elementor-element-cb7878d\" data-id=\"cb7878d\" data-element_type=\"column\">\n\t\t\t<div class=\"elementor-column-wrap elementor-element-populated\">\n\t\t\t\t\t\t\t<div class=\"elementor-widget-wrap\">\n\t\t\t\t\t\t<div class=\"elementor-element elementor-element-6bad616 elementor-widget elementor-widget-text-editor\" data-id=\"6bad616\" data-element_type=\"widget\" data-widget_type=\"text-editor.default\">\n\t\t\t\t<div class=\"elementor-widget-container\">\n\t\t\t\t\t\t\t\t<div class=\"elementor-text-editor elementor-clearfix\">\n\t\t\t\t<p style=\"text-align: justify;\"><span style=\"color: #000000; font-size: 12pt;\">Dopl\u0148kov\u00e9 materi\u00e1ly jsou ur\u010deny pro vytvo\u0159en\u00ed t\u011bsn\u00e9ho hydroizola\u010dn\u00edho souvrstv\u00ed, p\u0159\u00edp. pro uchycen\u00ed k podkladu.<\/span><\/p><div><p style=\"text-align: justify;\"><span style=\"color: #000000; font-size: 12pt;\">Dopl\u0148kov\u00e9 materi\u00e1ly zahrnuj\u00ed p\u0159edev\u0161\u00edm tvarovky (kouty, rohy),<\/span><span style=\"color: #000000; font-size: 16px; background-color: inherit;\">\u00a0typov\u00e9 tvarovky pro bezpe\u010dnostn\u011b z\u00e1chytn\u00fd syst\u00e9m,<\/span><span style=\"color: #000000; font-size: 12pt; background-color: inherit;\">\u00a0r\u016fzn\u00e9 typy st\u0159e\u0161n\u00edch vtok\u016f (chrli\u010de, nouzov\u00e9 p\u0159epady), odv\u011btr\u00e1vac\u00edch kom\u00ednk\u016f a kotevn\u00ed prvky (\u0161rouby, podlo\u017eky, teleskopy) do r\u016fzn\u00fdch podklad\u016f.<\/span><\/p><\/div>\t\t\t\t\t<\/div>\n\t\t\t\t\t\t<\/div>\n\t\t\t\t<\/div>\n\t\t\t\t\t\t<\/div>\n\t\t\t\t\t<\/div>\n\t\t<\/div>\n\t\t\t\t\t\t\t\t<\/div>\n\t\t\t\t\t<\/div>\n\t\t<\/section>\n\t\t\t\t<section class=\"elementor-section elementor-top-section elementor-element elementor-element-2jzq06e elementor-section-boxed elementor-section-height-default elementor-section-height-default\" data-id=\"2jzq06e\" data-element_type=\"section\">\n\t\t\t\t\t\t<div class=\"elementor-container elementor-column-gap-default\">\n\t\t\t\t\t\t\t<div class=\"elementor-row\">\n\t\t\t\t\t<div class=\"elementor-column elementor-col-100 elementor-top-column elementor-element elementor-element-wg04q9y\" data-id=\"wg04q9y\" data-element_type=\"column\">\n\t\t\t<div class=\"elementor-column-wrap elementor-element-populated\">\n\t\t\t\t\t\t\t<div class=\"elementor-widget-wrap\">\n\t\t\t\t\t\t<div class=\"elementor-element elementor-element-1wqlqic elementor-widget elementor-widget-accordion\" data-id=\"1wqlqic\" data-element_type=\"widget\" data-widget_type=\"accordion.default\">\n\t\t\t\t<div class=\"elementor-widget-container\">\n\t\t\t\t\t<div class=\"elementor-accordion\" role=\"tablist\">\n\t\t\t\t\t\t\t<div class=\"elementor-accordion-item\">\n\t\t\t\t\t<div id=\"elementor-tab-title-281\" class=\"elementor-tab-title\" data-tab=\"1\" role=\"tab\" aria-controls=\"elementor-tab-content-281\" aria-expanded=\"false\">\n\t\t\t\t\t\t\t\t\t\t\t\t\t<span class=\"elementor-accordion-icon elementor-accordion-icon-left\" aria-hidden=\"true\">\n\t\t\t\t\t\t\t\t\t\t\t\t\t\t\t<i class=\"elementor-accordion-icon-closed fa fa-plus\"><\/i>\n\t\t\t\t\t\t\t\t<i class=\"elementor-accordion-icon-opened fa fa-minus\"><\/i>\n\t\t\t\t\t\t\t\t\t\t\t\t\t\t<\/span>\n\t\t\t\t\t\t\t\t\t\t\t\t<a class=\"elementor-accordion-title\" href=\"\">ODVODN\u011aN\u00cd<\/a>\n\t\t\t\t\t<\/div>\n\t\t\t\t\t<div id=\"elementor-tab-content-281\" class=\"elementor-tab-content elementor-clearfix\" data-tab=\"1\" role=\"tabpanel\" aria-labelledby=\"elementor-tab-title-281\"><p>GRAVITA\u010cN\u00cd SYST\u00c9M<\/p><p>PODTLAKOV\u00dd SYST\u00c9M<\/p><p>CHRLI\u010cE A BEZPE\u010cNOSTN\u00cd P\u0158EPADY<\/p><\/div>\n\t\t\t\t<\/div>\n\t\t\t\t\t\t\t<div class=\"elementor-accordion-item\">\n\t\t\t\t\t<div id=\"elementor-tab-title-282\" class=\"elementor-tab-title\" data-tab=\"2\" role=\"tab\" aria-controls=\"elementor-tab-content-282\" aria-expanded=\"false\">\n\t\t\t\t\t\t\t\t\t\t\t\t\t<span class=\"elementor-accordion-icon elementor-accordion-icon-left\" aria-hidden=\"true\">\n\t\t\t\t\t\t\t\t\t\t\t\t\t\t\t<i class=\"elementor-accordion-icon-closed fa fa-plus\"><\/i>\n\t\t\t\t\t\t\t\t<i class=\"elementor-accordion-icon-opened fa fa-minus\"><\/i>\n\t\t\t\t\t\t\t\t\t\t\t\t\t\t<\/span>\n\t\t\t\t\t\t\t\t\t\t\t\t<a class=\"elementor-accordion-title\" href=\"\">KOTEVN\u00cd TECHNIKA<\/a>\n\t\t\t\t\t<\/div>\n\t\t\t\t\t<div id=\"elementor-tab-content-282\" class=\"elementor-tab-content elementor-clearfix\" data-tab=\"2\" role=\"tabpanel\" aria-labelledby=\"elementor-tab-title-282\"><p>TELESKOPICK\u00c9 KOTVY<\/p><p>\u0160ROUBY<\/p><p>PODLO\u017dKY<\/p><\/div>\n\t\t\t\t<\/div>\n\t\t\t\t\t\t\t<div class=\"elementor-accordion-item\">\n\t\t\t\t\t<div id=\"elementor-tab-title-283\" class=\"elementor-tab-title\" data-tab=\"3\" role=\"tab\" aria-controls=\"elementor-tab-content-283\" aria-expanded=\"false\">\n\t\t\t\t\t\t\t\t\t\t\t\t\t<span class=\"elementor-accordion-icon elementor-accordion-icon-left\" aria-hidden=\"true\">\n\t\t\t\t\t\t\t\t\t\t\t\t\t\t\t<i class=\"elementor-accordion-icon-closed fa fa-plus\"><\/i>\n\t\t\t\t\t\t\t\t<i class=\"elementor-accordion-icon-opened fa fa-minus\"><\/i>\n\t\t\t\t\t\t\t\t\t\t\t\t\t\t<\/span>\n\t\t\t\t\t\t\t\t\t\t\t\t<a class=\"elementor-accordion-title\" href=\"\">PAROT\u011aSN\u00c9 Z\u00c1BRANY<\/a>\n\t\t\t\t\t<\/div>\n\t\t\t\t\t<div id=\"elementor-tab-content-283\" class=\"elementor-tab-content elementor-clearfix\" data-tab=\"3\" role=\"tabpanel\" aria-labelledby=\"elementor-tab-title-283\"><p>PE FOLIE<\/p><p>AL FOLIE<\/p><\/div>\n\t\t\t\t<\/div>\n\t\t\t\t\t\t\t<div class=\"elementor-accordion-item\">\n\t\t\t\t\t<div id=\"elementor-tab-title-284\" class=\"elementor-tab-title\" data-tab=\"4\" role=\"tab\" aria-controls=\"elementor-tab-content-284\" aria-expanded=\"false\">\n\t\t\t\t\t\t\t\t\t\t\t\t\t<span class=\"elementor-accordion-icon elementor-accordion-icon-left\" aria-hidden=\"true\">\n\t\t\t\t\t\t\t\t\t\t\t\t\t\t\t<i class=\"elementor-accordion-icon-closed fa fa-plus\"><\/i>\n\t\t\t\t\t\t\t\t<i class=\"elementor-accordion-icon-opened fa fa-minus\"><\/i>\n\t\t\t\t\t\t\t\t\t\t\t\t\t\t<\/span>\n\t\t\t\t\t\t\t\t\t\t\t\t<a class=\"elementor-accordion-title\" href=\"\">SEPARACE + GEOTEXT\u00cdLIE<\/a>\n\t\t\t\t\t<\/div>\n\t\t\t\t\t<div id=\"elementor-tab-content-284\" class=\"elementor-tab-content elementor-clearfix\" data-tab=\"4\" role=\"tabpanel\" aria-labelledby=\"elementor-tab-title-284\"><p>GEOTEXTILIE<\/p><p>SKLOVL\u00c1KNIT\u00dd VLIES<\/p><\/div>\n\t\t\t\t<\/div>\n\t\t\t\t\t\t\t\t<\/div>\n\t\t\t\t<\/div>\n\t\t\t\t<\/div>\n\t\t\t\t<div class=\"elementor-element elementor-element-6cc68a5 elementor-widget elementor-widget-html\" data-id=\"6cc68a5\" data-element_type=\"widget\" data-widget_type=\"html.default\">\n\t\t\t\t<div class=\"elementor-widget-container\">\n\t\t\t<script> \r\njQuery(document).ready(function($) { \r\nvar delay = 100; setTimeout(function() { \r\n$('.elementor-tab-title').removeClass('elementor-active');\r\n $('.elementor-tab-content').css('display', 'none'); }, delay); \r\n}); \r\n<\/script>\t\t<\/div>\n\t\t\t\t<\/div>\n\t\t\t\t\t\t<\/div>\n\t\t\t\t\t<\/div>\n\t\t<\/div>\n\t\t\t\t\t\t\t\t<\/div>\n\t\t\t\t\t<\/div>\n\t\t<\/section>\n\t\t\t\t<section class=\"elementor-section elementor-top-section elementor-element elementor-element-e06da61 elementor-section-boxed elementor-section-height-default elementor-section-height-default\" data-id=\"e06da61\" data-element_type=\"section\">\n\t\t\t\t\t\t<div class=\"elementor-container elementor-column-gap-default\">\n\t\t\t\t\t\t\t<div class=\"elementor-row\">\n\t\t\t\t\t<div class=\"elementor-column elementor-col-100 elementor-top-column elementor-element elementor-element-e5b8265\" data-id=\"e5b8265\" data-element_type=\"column\">\n\t\t\t<div class=\"elementor-column-wrap elementor-element-populated\">\n\t\t\t\t\t\t\t<div class=\"elementor-widget-wrap\">\n\t\t\t\t\t\t<div class=\"elementor-element elementor-element-4d84885 elementor-widget elementor-widget-text-editor\" data-id=\"4d84885\" data-element_type=\"widget\" data-widget_type=\"text-editor.default\">\n\t\t\t\t<div class=\"elementor-widget-container\">\n\t\t\t\t\t\t\t\t<div class=\"elementor-text-editor elementor-clearfix\">\n\t\t\t\t\t\t\t\t\t<\/div>\n\t\t\t\t\t\t<\/div>\n\t\t\t\t<\/div>\n\t\t\t\t\t\t<\/div>\n\t\t\t\t\t<\/div>\n\t\t<\/div>\n\t\t\t\t\t\t\t\t<\/div>\n\t\t\t\t\t<\/div>\n\t\t<\/section>\n\t\t\t\t<section class=\"elementor-section elementor-top-section elementor-element elementor-element-f731c14 elementor-section-boxed elementor-section-height-default elementor-section-height-default\" data-id=\"f731c14\" data-element_type=\"section\">\n\t\t\t\t\t\t<div class=\"elementor-container elementor-column-gap-default\">\n\t\t\t\t\t\t\t<div class=\"elementor-row\">\n\t\t\t\t\t<div class=\"elementor-column elementor-col-100 elementor-top-column elementor-element elementor-element-0c532e9\" data-id=\"0c532e9\" data-element_type=\"column\">\n\t\t\t<div class=\"elementor-column-wrap elementor-element-populated\">\n\t\t\t\t\t\t\t<div class=\"elementor-widget-wrap\">\n\t\t\t\t\t\t<div class=\"elementor-element elementor-element-3f5f364 elementor-widget elementor-widget-text-editor\" data-id=\"3f5f364\" data-element_type=\"widget\" data-widget_type=\"text-editor.default\">\n\t\t\t\t<div class=\"elementor-widget-container\">\n\t\t\t\t\t\t\t\t<div class=\"elementor-text-editor elementor-clearfix\">\n\t\t\t\t<div class=\"ich-prefix\">\r\n\r\n    \r\n    <div class=\"row wcp-fgg-wrap\" style=\"width:auto;margin-left: -10px;margin-right: -10px;\">\r\n\r\n                                <div class=\"col-1-7\" style=\"padding: 10px;\">\r\n                <div class=\"wcp-caption-plugin\" ontouchstart=\"\" id=\"wcp-widget-1740-0\" style=\"\">\r\n            <div class=\"image-caption-box\">\r\n            <div class=\"caption zoom-caption-out-image-in\"\r\n                style=\"background-color: #dd0000;\r\n                    color: #ffffff;\">\r\n                <div style=\"display:table;height:100%;width: 100%;\">\r\n                    <div class=\"centered-text\" style=\"text-align: auto; padding: 5px;\">\r\n                        Prostup pro hromosvod                    <\/div>\r\n                <\/div>\r\n            <\/div>\r\n            <img class=\"wcp-caption-image\" src=\"http:\/\/eurotec.cz\/wp-content\/uploads\/2018\/03\/prostup-pro-dr\u00e1ty-hromosvodu-nevo-elektrinstalaci.jpg\" title=\"Prostup pro hromosvod\" alt=\"Dopln\u011bk 1\" style=\"\"\/>\r\n        <\/div>\r\n\r\n    <\/div>\r\n<style>\r\n            #wcp-widget-1740-0 .centered-text * {\r\n            color: #ffffff;\r\n        }\r\n    <\/style>            <\/div>\r\n            \r\n                                <div class=\"col-1-7\" style=\"padding: 10px;\">\r\n                <div class=\"wcp-caption-plugin\" ontouchstart=\"\" id=\"wcp-widget-1740-1\" style=\"\">\r\n            <div class=\"image-caption-box\">\r\n            <div class=\"caption zoom-caption-out-image-in\"\r\n                style=\"background-color: #dd0000;\r\n                    color: #ffffff;\">\r\n                <div style=\"display:table;height:100%;width: 100%;\">\r\n                    <div class=\"centered-text\" style=\"text-align: auto; padding: 5px;\">\r\n                        Prostup p\u0159\u00edruba                    <\/div>\r\n                <\/div>\r\n            <\/div>\r\n            <img class=\"wcp-caption-image\" src=\"http:\/\/eurotec.cz\/wp-content\/uploads\/2018\/03\/Prostup-p\u0159\u00edruba.jpg\" title=\"Prostup p\u0159\u00edruba\" alt=\"Dopln\u011bk 2\" style=\"\"\/>\r\n        <\/div>\r\n\r\n    <\/div>\r\n<style>\r\n            #wcp-widget-1740-1 .centered-text * {\r\n            color: #ffffff;\r\n        }\r\n    <\/style>            <\/div>\r\n            \r\n                                <div class=\"col-1-7\" style=\"padding: 10px;\">\r\n                <div class=\"wcp-caption-plugin\" ontouchstart=\"\" id=\"wcp-widget-1740-2\" style=\"\">\r\n            <div class=\"image-caption-box\">\r\n            <div class=\"caption zoom-caption-out-image-in\"\r\n                style=\"background-color: #dd0000;\r\n                    color: #ffffff;\">\r\n                <div style=\"display:table;height:100%;width: 100%;\">\r\n                    <div class=\"centered-text\" style=\"text-align: auto; padding: 5px;\">\r\n                        Ochrann\u00fd ko\u0161\u00ed\u010dek vpust\u00ed                    <\/div>\r\n                <\/div>\r\n            <\/div>\r\n            <img class=\"wcp-caption-image\" src=\"http:\/\/eurotec.cz\/wp-content\/uploads\/2018\/03\/ochrann\u00fd-ko\u0161\u00ed\u010dek-vpust\u00ed.jpg\" title=\"Ochrann\u00fd ko\u0161\u00ed\u010dek vpust\u00ed\" alt=\"Dopln\u011bk 3\" style=\"\"\/>\r\n        <\/div>\r\n\r\n    <\/div>\r\n<style>\r\n            #wcp-widget-1740-2 .centered-text * {\r\n            color: #ffffff;\r\n        }\r\n    <\/style>            <\/div>\r\n            \r\n                                <div class=\"col-1-7\" style=\"padding: 10px;\">\r\n                <div class=\"wcp-caption-plugin\" ontouchstart=\"\" id=\"wcp-widget-1740-3\" style=\"\">\r\n            <div class=\"image-caption-box\">\r\n            <div class=\"caption zoom-caption-out-image-in\"\r\n                style=\"background-color: #dd0000;\r\n                    color: #ffffff;\">\r\n                <div style=\"display:table;height:100%;width: 100%;\">\r\n                    <div class=\"centered-text\" style=\"text-align: auto; padding: 5px;\">\r\n                        Nopov\u00e1 f\u00f3lie separa\u010dn\u00ed                    <\/div>\r\n                <\/div>\r\n            <\/div>\r\n            <img class=\"wcp-caption-image\" src=\"http:\/\/eurotec.cz\/wp-content\/uploads\/2018\/03\/nopov\u00e1-folie-ochrann\u00e1-separa\u010dn\u00ed-i-filtra\u010dn\u00ed.jpg\" title=\"Nopov\u00e1 f\u00f3lie separa\u010dn\u00ed\" alt=\"\" style=\"\"\/>\r\n        <\/div>\r\n\r\n    <\/div>\r\n<style>\r\n            #wcp-widget-1740-3 .centered-text * {\r\n            color: #ffffff;\r\n        }\r\n    <\/style>            <\/div>\r\n            \r\n                                <div class=\"col-1-7\" style=\"padding: 10px;\">\r\n                <div class=\"wcp-caption-plugin\" ontouchstart=\"\" id=\"wcp-widget-1740-4\" style=\"\">\r\n            <div class=\"image-caption-box\">\r\n            <div class=\"caption zoom-caption-out-image-in\"\r\n                style=\"background-color: #dd3333;\r\n                    color: #ffffff;\">\r\n                <div style=\"display:table;height:100%;width: 100%;\">\r\n                    <div class=\"centered-text\" style=\"text-align: auto; padding: 5px;\">\r\n                        Vnit\u0159n\u00ed a vn\u011bj\u0161\u00ed roh a kout                    <\/div>\r\n                <\/div>\r\n            <\/div>\r\n            <img class=\"wcp-caption-image\" src=\"http:\/\/eurotec.cz\/wp-content\/uploads\/2018\/05\/vnit\u0159n\u00ed-a-vn\u011bj\u0161\u00ed-roh-kout.jpg\" title=\"Vnit\u0159n\u00ed a vn\u011bj\u0161\u00ed roh a kout\" alt=\"\" style=\"\"\/>\r\n        <\/div>\r\n\r\n    <\/div>\r\n<style>\r\n            #wcp-widget-1740-4 .centered-text * {\r\n            color: #ffffff;\r\n        }\r\n    <\/style>            <\/div>\r\n            \r\n                                <div class=\"col-1-7\" style=\"padding: 10px;\">\r\n                <div class=\"wcp-caption-plugin\" ontouchstart=\"\" id=\"wcp-widget-1740-5\" style=\"\">\r\n            <div class=\"image-caption-box\">\r\n            <div class=\"caption zoom-caption-in-image-out\"\r\n                style=\"background-color: #dd0000;\r\n                    color: #ffffff;\">\r\n                <div style=\"display:table;height:100%;width: 100%;\">\r\n                    <div class=\"centered-text\" style=\"text-align: auto; padding: 5px;\">\r\n                        Rohov\u00e1 vpus\u0165 (PVC proveden\u00ed)                    <\/div>\r\n                <\/div>\r\n            <\/div>\r\n            <img class=\"wcp-caption-image\" src=\"http:\/\/eurotec.cz\/wp-content\/uploads\/2018\/05\/rohov\u00e1-vpus\u0165-PVC-proveden\u00ed.jpg\" title=\"Rohov\u00e1 vpus\u0165 (PVC proveden\u00ed)\" alt=\"\" style=\"\"\/>\r\n        <\/div>\r\n\r\n    <\/div>\r\n<style>\r\n            #wcp-widget-1740-5 .centered-text * {\r\n            color: #ffffff;\r\n        }\r\n    <\/style>            <\/div>\r\n            \r\n                                <div class=\"col-1-7\" style=\"padding: 10px;\">\r\n                <div class=\"wcp-caption-plugin\" ontouchstart=\"\" id=\"wcp-widget-1740-6\" style=\"\">\r\n            <div class=\"image-caption-box\">\r\n            <div class=\"caption zoom-caption-in-image-out\"\r\n                style=\"background-color: #dd0000;\r\n                    color: #ffffff;\">\r\n                <div style=\"display:table;height:100%;width: 100%;\">\r\n                    <div class=\"centered-text\" style=\"text-align: auto; padding: 5px;\">\r\n                        PVC prostupy s ochrann\u00fdm ko\u0161em                    <\/div>\r\n                <\/div>\r\n            <\/div>\r\n            <img class=\"wcp-caption-image\" src=\"http:\/\/eurotec.cz\/wp-content\/uploads\/2018\/05\/prostupy-PVC-krytinou-s-ochrann\u00fdm-ko\u0161em.jpg\" title=\"Prostupy s PVC krytinou a ochrann\u00fdm ko\u0161em\" alt=\"\" style=\"\"\/>\r\n        <\/div>\r\n\r\n    <\/div>\r\n<style>\r\n            #wcp-widget-1740-6 .centered-text * {\r\n            color: #ffffff;\r\n        }\r\n    <\/style>            <\/div>\r\n            \r\n            <\/div>\r\n    \r\n\r\n    \r\n    <div class=\"clearfix\"><\/div>\r\n    \r\n<\/div>\t\t\t\t\t<\/div>\n\t\t\t\t\t\t<\/div>\n\t\t\t\t<\/div>\n\t\t\t\t\t\t<\/div>\n\t\t\t\t\t<\/div>\n\t\t<\/div>\n\t\t\t\t\t\t\t\t<\/div>\n\t\t\t\t\t<\/div>\n\t\t<\/section>\n\t\t\t\t\t\t<\/div>\n\t\t\t\t\t\t<\/div>\n\t\t\t\t\t<\/div>\n\t\t","protected":false},"excerpt":{"rendered":"<p>Dopl\u0148kov\u00e9 materi\u00e1ly jsou ur\u010deny pro vytvo\u0159en\u00ed t\u011bsn\u00e9ho hydroizola\u010dn\u00edho souvrstv\u00ed, p\u0159\u00edp. pro uchycen\u00ed k podkladu. Dopl\u0148kov\u00e9 materi\u00e1ly zahrnuj\u00ed p\u0159edev\u0161\u00edm tvarovky (kouty, rohy),\u00a0typov\u00e9 tvarovky pro bezpe\u010dnostn\u011b z\u00e1chytn\u00fd syst\u00e9m,\u00a0r\u016fzn\u00e9 typy st\u0159e\u0161n\u00edch vtok\u016f (chrli\u010de, nouzov\u00e9 p\u0159epady), odv\u011btr\u00e1vac\u00edch kom\u00ednk\u016f a kotevn\u00ed prvky (\u0161rouby, podlo\u017eky, teleskopy) do r\u016fzn\u00fdch podklad\u016f. ODVODN\u011aN\u00cd GRAVITA\u010cN\u00cd SYST\u00c9M PODTLAKOV\u00dd SYST\u00c9M CHRLI\u010cE A BEZPE\u010cNOSTN\u00cd P\u0158EPADY KOTEVN\u00cd TECHNIKA TELESKOPICK\u00c9 [&hellip;]<\/p>\n","protected":false},"author":1,"featured_media":154,"parent":40,"menu_order":0,"comment_status":"closed","ping_status":"closed","template":"","meta":[],"_links":{"self":[{"href":"https:\/\/eurotec.cz\/en\/wp-json\/wp\/v2\/pages\/141"}],"collection":[{"href":"https:\/\/eurotec.cz\/en\/wp-json\/wp\/v2\/pages"}],"about":[{"href":"https:\/\/eurotec.cz\/en\/wp-json\/wp\/v2\/types\/page"}],"author":[{"embeddable":true,"href":"https:\/\/eurotec.cz\/en\/wp-json\/wp\/v2\/users\/1"}],"replies":[{"embeddable":true,"href":"https:\/\/eurotec.cz\/en\/wp-json\/wp\/v2\/comments?post=141"}],"version-history":[{"count":20,"href":"https:\/\/eurotec.cz\/en\/wp-json\/wp\/v2\/pages\/141\/revisions"}],"predecessor-version":[{"id":2210,"href":"https:\/\/eurotec.cz\/en\/wp-json\/wp\/v2\/pages\/141\/revisions\/2210"}],"up":[{"embeddable":true,"href":"https:\/\/eurotec.cz\/en\/wp-json\/wp\/v2\/pages\/40"}],"wp:featuredmedia":[{"embeddable":true,"href":"https:\/\/eurotec.cz\/en\/wp-json\/wp\/v2\/media\/154"}],"wp:attachment":[{"href":"https:\/\/eurotec.cz\/en\/wp-json\/wp\/v2\/media?parent=141"}],"curies":[{"name":"wp","href":"https:\/\/api.w.org\/{rel}","templated":true}]}}